{"id":3645,"date":"2023-02-14T21:41:32","date_gmt":"2023-02-14T21:41:32","guid":{"rendered":"https:\/\/dogofriends.fr\/?page_id=3645"},"modified":"2023-04-12T09:02:28","modified_gmt":"2023-04-12T09:02:28","slug":"home","status":"publish","type":"page","link":"https:\/\/dogofriends.com\/fr\/","title":{"rendered":"Home"},"content":{"rendered":"<section class=\"block-photo-grid\" id=\"photo-anchor\">\r\n  <h2 class=\"text-center px-3 mb-12 w-[80%] sm:w-full ml-auto sm:ml-0 mr-auto sm:mr-0\">Comment \u00e7a marche ?<\/h2>\r\n  \r\n        <div class=\"block-photo-grid-wrapper swiper md:hidden\">\r\n      <ul class=\"swiper-wrapper ml-0\">\r\n                          \r\n          <li class=\"swiper-slide\"\r\n              data-aos=\"fade-up\"\r\n              data-aos-duration=\"800\"\r\n              data-aos-anchor=\"#photo-anchor\">\r\n            \r\n            <div class=\"image-wrapper\">\r\n              <img src=\"https:\/\/dogofriends.com\/app\/uploads\/2023\/02\/8.png\" alt=\"\">\r\n                                <span class=\"step\">1<\/span>\r\n                          <\/div>\r\n            <h2>Adh\u00e8re<\/h2>            <p>Porte-toi candidat pour tester les produits qui t&#039;int\u00e9ressent<\/p>          <\/li>\r\n                  \r\n          <li class=\"swiper-slide\"\r\n              data-aos=\"fade-up\"\r\n              data-aos-duration=\"1100\"\r\n              data-aos-anchor=\"#photo-anchor\">\r\n            \r\n            <div class=\"image-wrapper\">\r\n              <img src=\"https:\/\/dogofriends.com\/app\/uploads\/2023\/02\/20.png\" alt=\"\">\r\n                                <span class=\"step\">2<\/span>\r\n                          <\/div>\r\n            <h2>D\u00e9couvre<\/h2>            <p>Re\u00e7ois \u00e0 la maison des super produits \u00e0 tester gratuitement<\/p>          <\/li>\r\n                  \r\n          <li class=\"swiper-slide\"\r\n              data-aos=\"fade-up\"\r\n              data-aos-duration=\"1400\"\r\n              data-aos-anchor=\"#photo-anchor\">\r\n            \r\n            <div class=\"image-wrapper\">\r\n              <img src=\"https:\/\/dogofriends.com\/app\/uploads\/2023\/01\/test-e1676410614301.jpeg\" alt=\"\">\r\n                                <span class=\"step\">3<\/span>\r\n                          <\/div>\r\n            <h2>Teste<\/h2>            <p>Fais d\u00e9couvrir \u00e0 ton chat ou ton chien des produits de haute qualit\u00e9<\/p>          <\/li>\r\n                  \r\n          <li class=\"swiper-slide\"\r\n              data-aos=\"fade-up\"\r\n              data-aos-duration=\"1700\"\r\n              data-aos-anchor=\"#photo-anchor\">\r\n            \r\n            <div class=\"image-wrapper\">\r\n              <img src=\"https:\/\/dogofriends.com\/app\/uploads\/2023\/01\/partage.jpeg\" alt=\"\">\r\n                                <span class=\"step\">4<\/span>\r\n                          <\/div>\r\n            <h2>Partage<\/h2>            <p>Partage tes cr\u00e9ations et ton avis sur tes r\u00e9seaux sociaux<\/p>          <\/li>\r\n              <\/ul>\r\n      <div class=\"swiper-pagination\"><\/div>\r\n    <\/div>\r\n    \r\n    <div class=\"block-photo-grid-wrapper not-swiper  block-photo-grid-wrapper-count hidden md:flex \">\r\n      <ul>\r\n                          \r\n          <li data-aos=\"fade-up\"\r\n              data-aos-duration=\"800\"\r\n              data-aos-anchor=\"#photo-anchor\">\r\n            \r\n            <div class=\"image-wrapper\">\r\n              <img src=\"https:\/\/dogofriends.com\/app\/uploads\/2023\/02\/8.png\" alt=\"\">\r\n                                <span class=\"step\">1<\/span>\r\n                          <\/div>\r\n            <h2>Adh\u00e8re<\/h2>            <p>Porte-toi candidat pour tester les produits qui t&#039;int\u00e9ressent<\/p>          <\/li>\r\n                  \r\n          <li data-aos=\"fade-up\"\r\n              data-aos-duration=\"1100\"\r\n              data-aos-anchor=\"#photo-anchor\">\r\n            \r\n            <div class=\"image-wrapper\">\r\n              <img src=\"https:\/\/dogofriends.com\/app\/uploads\/2023\/02\/20.png\" alt=\"\">\r\n                                <span class=\"step\">2<\/span>\r\n                          <\/div>\r\n            <h2>D\u00e9couvre<\/h2>            <p>Re\u00e7ois \u00e0 la maison des super produits \u00e0 tester gratuitement<\/p>          <\/li>\r\n                  \r\n          <li data-aos=\"fade-up\"\r\n              data-aos-duration=\"1400\"\r\n              data-aos-anchor=\"#photo-anchor\">\r\n            \r\n            <div class=\"image-wrapper\">\r\n              <img src=\"https:\/\/dogofriends.com\/app\/uploads\/2023\/01\/test-e1676410614301.jpeg\" alt=\"\">\r\n                                <span class=\"step\">3<\/span>\r\n                          <\/div>\r\n            <h2>Teste<\/h2>            <p>Fais d\u00e9couvrir \u00e0 ton chat ou ton chien des produits de haute qualit\u00e9<\/p>          <\/li>\r\n                  \r\n          <li data-aos=\"fade-up\"\r\n              data-aos-duration=\"1700\"\r\n              data-aos-anchor=\"#photo-anchor\">\r\n            \r\n            <div class=\"image-wrapper\">\r\n              <img src=\"https:\/\/dogofriends.com\/app\/uploads\/2023\/01\/partage.jpeg\" alt=\"\">\r\n                                <span class=\"step\">4<\/span>\r\n                          <\/div>\r\n            <h2>Partage<\/h2>            <p>Partage tes cr\u00e9ations et ton avis sur tes r\u00e9seaux sociaux<\/p>          <\/li>\r\n              <\/ul>\r\n    <\/div>\r\n\r\n  \r\n  <div>\r\n    \r\n  <\/div>\r\n<\/section>\r\n\n\n<section class=\"block-cta bg-secondary-100 py-16\">\n    <div class=\"flex flex-col justify-center items-center\"\n         data-aos=\"fade-right\">\n                    <h2 class=\"heading-3 text-center mb-8 px-3 md:px-0\">Deviens ambassadeur Dogofriends et d\u00e9couvre de nouveaux produits<\/h2>\n        \n        \n\n                    <a class=\"btn btn-primary block max-w-max mx-auto\" href=\"https:\/\/dogofriends.com\/fr\/campagne\/\">D\u00e9couvre nos campagnes !<\/a>\n            <\/div>\n\n    <div>\n        \n    <\/div>\n<\/section>\n\n\n<section class=\"block-campaign py-20\">\r\n    <h2 class=\"text-center mb-8\">D\u00e9couvre nos campagnes du moment<\/h2>\r\n        <ul class=\"flex flex-row flex-wrap justify-center items-stretch max-w-none md:max-w-5xl mx-auto w-full\">\r\n                 \r\n        <li class=\"flex flex-col shadow-xl rounded-3xl m-4 bg-white max-w-md w-full md:w-1\/2 overflow-hidden\"\r\n            data-aos=\"fade-right\">\r\n            <div class=\"w-full aspect-w-5 aspect-h-2\">\r\n            <img src=\"https:\/\/dogofriends.com\/app\/uploads\/2023\/04\/Edgard-Cooper-Q1-2023-Presentation-Image-Website-1.png\" class=\"object-cover\" alt=\"\">\r\n            <\/div>\r\n            <div class=\"flex flex-col h-full p-5 sm:p-10\">\r\n            <h2 class=\"h4 mb-2\">Ultra Premium Direct<\/h2>\r\n            <p class=\"mb-4\">\u00c0 la recherche d\u2019une alimentation de haute qualit\u00e9 ? Nous t&#039;offrons la chance de faire tester gratuitement les croquettes Ultra Premium Direct \u00e0 ton chien ! \ud83d\udc36<\/p>\r\n            <a href=\"https:\/\/dogofriends.com\/fr\/ultra-premium-direct\/info\/\"  class=\"btn btn-primary btn-outline w-max justify-self-end mt-auto\">Inscriptions termin\u00e9es<\/a>\r\n            <\/div>\r\n        <\/li>\r\n                 \r\n        <li class=\"flex flex-col shadow-xl rounded-3xl m-4 bg-white max-w-md w-full md:w-1\/2 overflow-hidden\"\r\n            data-aos=\"fade-left\">\r\n            <div class=\"w-full aspect-w-5 aspect-h-2\">\r\n            <img src=\"https:\/\/dogofriends.com\/app\/uploads\/2023\/02\/Edgard-Cooper-Q1-2023-Image-Website-presentation.png\" class=\"object-cover\" alt=\"\">\r\n            <\/div>\r\n            <div class=\"flex flex-col h-full p-5 sm:p-10\">\r\n            <h2 class=\"h4 mb-2\">Edgard &amp; Cooper<\/h2>\r\n            <p class=\"mb-4\">Ton chat fait partie int\u00e9grante de la famille ? Alors, il a aussi le droit de bien manger. \ud83d\ude38 Nous t&#039;offrons la chance unique de d\u00e9couvrir Edgard &amp; Cooper gratuitement avec ta boule de poils pendant 3 semaines !<\/p>\r\n            <a href=\"https:\/\/dogofriends.com\/fr\/edgard-cooper\/info\/\"  class=\"btn btn-primary btn-outline w-max justify-self-end mt-auto\">Inscriptions termin\u00e9es<\/a>\r\n            <\/div>\r\n        <\/li>\r\n                 \r\n        <li class=\"flex flex-col shadow-xl rounded-3xl m-4 bg-white max-w-md w-full md:w-1\/2 overflow-hidden\"\r\n            data-aos=\"fade-right\">\r\n            <div class=\"w-full aspect-w-5 aspect-h-2\">\r\n            <img src=\"https:\/\/dogofriends.com\/app\/uploads\/2023\/02\/Untitled-design-39.png\" class=\"object-cover\" alt=\"\">\r\n            <\/div>\r\n            <div class=\"flex flex-col h-full p-5 sm:p-10\">\r\n            <h2 class=\"h4 mb-2\">PRO PLAN\u00ae LIVECLEAR\u00ae<\/h2>\r\n            <p class=\"mb-4\">Tu es sensible aux poils de chat ? Ou un membre de ta famille l&#039;est ? \ud83e\udd27 Nous te proposons de tester pendant 4 semaines PURINA\u00ae PRO PLAN\u00ae LIVECLEAR\u00ae : des croquettes r\u00e9volutionnaires qui r\u00e9duisent les allerg\u00e8nes sur les poils de chat. \ud83d\ude38<\/p>\r\n            <a href=\"https:\/\/dogofriends.com\/fr\/proplan-liveclear\/info\/\"  class=\"btn btn-primary btn-outline w-max justify-self-end mt-auto\">Inscriptions termin\u00e9es<\/a>\r\n            <\/div>\r\n        <\/li>\r\n            <\/ul>\r\n        <div>\r\n        \r\n    <\/div>\r\n<\/section>\r\n\n\n<section class=\"block-instagram-feed bg-tertiary-100 py-20\">\n  <h2 class=\"mx-auto text-center mb-8\">What\u2019s up ?<\/h2>\n    <div class=\"swiper max-w-5xl px-5\">\n    <ul class=\"swiper-wrapper m-0 sm:left-auto\">\n                        <li class=\"swiper-slide h-auto bg-white rounded-3xl shadow-md overflow-hidden relative\" data-aos=\"fade-up\" data-aos-duration=\"800\">\n        <div class=\"aspect-w-1 aspect-h-1\">\n          <img class=\"object-cover\" src=\"https:\/\/dogofriends.com\/app\/uploads\/2023\/02\/316367770_500092902061100_7933396747843431070_n.jpg\" alt=\"\">\n        <\/div>\n\n        <div class=\"p-6\">\n          <h2 class=\"text-base font-sans\"><b><a class=\"text-dark-900 no-underline hover:text-primary-500\" href=\"https:\/\/www.instagram.com\/@home.tester\/\" target=\"_blank\">@home.tester<\/a><\/b> <b> \u2022 <\/b> <span class=\"text-sm\">Brussels<\/span><\/h2>\n          <style>\n            .force-text {\n              font-size: .875rem;\n              line-height: 1.05rem;\n                overflow: hidden;\n                text-overflow: ellipsis;\n                display: -webkit-box;\n                -webkit-line-clamp: 10; \/* number of lines to show *\/\n                line-clamp: 10;\n                -webkit-box-orient: vertical;\n            }\n          <\/style>\n          <div class=\"force-text text-note-base\">Merci \u00e0\u00a0<a class=\"x1i10hfl xjbqb8w x6umtig x1b1mbwd xaqea5y xav7gou x9f619 x1ypdohk xt0psk2 xe8uvvx xdj266r x11i5rnm xat24cr x1mh8g0r xexx8yu x4uap5 x18d9i69 xkhd6sd x16tdsg8 x1hl2dhg xggy1nq x1a2a7pz notranslate _a6hd\" tabindex=\"0\" role=\"link\" href=\"https:\/\/www.instagram.com\/dogofriends_befr\">@dogofriends_befr<\/a>\u00a0de nous avoir choisis comme ambassadeur pour\u00a0<a class=\"x1i10hfl xjbqb8w x6umtig x1b1mbwd xaqea5y xav7gou x9f619 x1ypdohk xt0psk2 xe8uvvx xdj266r x11i5rnm xat24cr x1mh8g0r xexx8yu x4uap5 x18d9i69 xkhd6sd x16tdsg8 x1hl2dhg xggy1nq x1a2a7pz notranslate _a6hd\" tabindex=\"0\" role=\"link\" href=\"https:\/\/www.instagram.com\/edgardcooper\/?hl=fr\">@edgardcooper<\/a>\u00a0\ud83d\udc31\nLes matous vont pouvoir tester les croquettes et p\u00e2t\u00e9s de\u00a0<a class=\"x1i10hfl xjbqb8w x6umtig x1b1mbwd xaqea5y xav7gou x9f619 x1ypdohk xt0psk2 xe8uvvx xdj266r x11i5rnm xat24cr x1mh8g0r xexx8yu x4uap5 x18d9i69 xkhd6sd x16tdsg8 x1hl2dhg xggy1nq x1a2a7pz notranslate _a6hd\" tabindex=\"0\" role=\"link\" href=\"https:\/\/www.instagram.com\/edgardcooper\/?hl=fr\">@edgardcooper<\/a>\u00a0pendant 3 semaines \ud83d\udc3e\nOn a pu vous d\u00e9nicher un petit code promo de 15% avec \u2018DOGOFRIENDS15\u2019 sur le nouvel assortiment pour les chats sur edgardcooper.com\n<\/div>\n                        <ol class=\"m-0 p-0 flex flex-wrap\">\n                                <li class=\"m-0 p-0 leading-none\"><a href=\"https:\/\/www.instagram.com\/explore\/tags\/#edgardcooperAmbassador\/\" class=\"text-bold text-note-base no-underline mr-1 leading-none\" target=\"_blank\">##edgardcooperAmbassador<\/a><\/li>\n                                <li class=\"m-0 p-0 leading-none\"><a href=\"https:\/\/www.instagram.com\/explore\/tags\/#RealFoodRebels\/\" class=\"text-bold text-note-base no-underline mr-1 leading-none\" target=\"_blank\">##RealFoodRebels<\/a><\/li>\n                              <\/ol>\n                  <\/div>\n      <\/li>\n                  <li class=\"swiper-slide h-auto bg-white rounded-3xl shadow-md overflow-hidden relative\" data-aos=\"fade-up\" data-aos-duration=\"1100\">\n        <div class=\"aspect-w-1 aspect-h-1\">\n          <img class=\"object-cover\" src=\"https:\/\/dogofriends.com\/app\/uploads\/2023\/02\/Websitephoto.jpg\" alt=\"\">\n        <\/div>\n\n        <div class=\"p-6\">\n          <h2 class=\"text-base font-sans\"><b><a class=\"text-dark-900 no-underline hover:text-primary-500\" href=\"https:\/\/www.instagram.com\/@niki_chichijack\/\" target=\"_blank\">@niki_chichijack<\/a><\/b> <b> \u2022 <\/b> <span class=\"text-sm\">Brussels<\/span><\/h2>\n          <style>\n            .force-text {\n              font-size: .875rem;\n              line-height: 1.05rem;\n                overflow: hidden;\n                text-overflow: ellipsis;\n                display: -webkit-box;\n                -webkit-line-clamp: 10; \/* number of lines to show *\/\n                line-clamp: 10;\n                -webkit-box-orient: vertical;\n            }\n          <\/style>\n          <div class=\"force-text text-note-base\">Hey les petits potes je vous pr\u00e9sente mes nouvelles croquettes personnalis\u00e9es au go\u00fbt exquis ! N\u2019h\u00e9sitez pas \u00e0 nous demander un code promo afin que je puisse vous partager \u00e7a \ud83e\udd29\ud83e\udd29\n<\/div>\n                        <ol class=\"m-0 p-0 flex flex-wrap\">\n                                <li class=\"m-0 p-0 leading-none\"><a href=\"https:\/\/www.instagram.com\/explore\/tags\/justrussel\/\" class=\"text-bold text-note-base no-underline mr-1 leading-none\" target=\"_blank\">#justrussel<\/a><\/li>\n                                <li class=\"m-0 p-0 leading-none\"><a href=\"https:\/\/www.instagram.com\/explore\/tags\/dogofriendsambassador\/\" class=\"text-bold text-note-base no-underline mr-1 leading-none\" target=\"_blank\">#dogofriendsambassador<\/a><\/li>\n                              <\/ol>\n                  <\/div>\n      <\/li>\n                  <li class=\"swiper-slide h-auto bg-white rounded-3xl shadow-md overflow-hidden relative\" data-aos=\"fade-up\" data-aos-duration=\"1400\">\n        <div class=\"aspect-w-1 aspect-h-1\">\n          <img class=\"object-cover\" src=\"https:\/\/dogofriends.com\/app\/uploads\/2023\/02\/Screenshot-2023-02-15-171005.png\" alt=\"\">\n        <\/div>\n\n        <div class=\"p-6\">\n          <h2 class=\"text-base font-sans\"><b><a class=\"text-dark-900 no-underline hover:text-primary-500\" href=\"https:\/\/www.instagram.com\/@lestroisdrolesdechats\/\" target=\"_blank\">@lestroisdrolesdechats<\/a><\/b> <b> \u2022 <\/b> <span class=\"text-sm\">Brussels<\/span><\/h2>\n          <style>\n            .force-text {\n              font-size: .875rem;\n              line-height: 1.05rem;\n                overflow: hidden;\n                text-overflow: ellipsis;\n                display: -webkit-box;\n                -webkit-line-clamp: 10; \/* number of lines to show *\/\n                line-clamp: 10;\n                -webkit-box-orient: vertical;\n            }\n          <\/style>\n          <div class=\"force-text text-note-base\">Pixel en pleine d\u00e9couverte de la gamme d&rsquo; @edgardcooper gr\u00e2ce au programme d&rsquo;ambassadeurs de @dogofriends_befr\nVous pouvez b\u00e9n\u00e9ficier d&rsquo;une r\u00e9duction de 15% avec le code de r\u00e9duction DOGOFRIENDS15 (valable sur le site Edgar Cooper)\n<\/div>\n                        <ol class=\"m-0 p-0 flex flex-wrap\">\n                                <li class=\"m-0 p-0 leading-none\"><a href=\"https:\/\/www.instagram.com\/explore\/tags\/DogofriendsAmbassador\/\" class=\"text-bold text-note-base no-underline mr-1 leading-none\" target=\"_blank\">#DogofriendsAmbassador<\/a><\/li>\n                                <li class=\"m-0 p-0 leading-none\"><a href=\"https:\/\/www.instagram.com\/explore\/tags\/EdgardCooperAmbassador\/\" class=\"text-bold text-note-base no-underline mr-1 leading-none\" target=\"_blank\">#EdgardCooperAmbassador<\/a><\/li>\n                                <li class=\"m-0 p-0 leading-none\"><a href=\"https:\/\/www.instagram.com\/explore\/tags\/RealFoodRebels\/\" class=\"text-bold text-note-base no-underline mr-1 leading-none\" target=\"_blank\">#RealFoodRebels<\/a><\/li>\n                                <li class=\"m-0 p-0 leading-none\"><a href=\"https:\/\/www.instagram.com\/explore\/tags\/dogofriends_befr\/\" class=\"text-bold text-note-base no-underline mr-1 leading-none\" target=\"_blank\">#dogofriends_befr<\/a><\/li>\n                              <\/ol>\n                  <\/div>\n      <\/li>\n            \n    <\/ul>\n    <div class=\"swiper-pagination-insta text-center mt-4\"><\/div>\n  <\/div>\n  \n  <div>\n    \n  <\/div>\n<\/section>\n\n\n<section class=\"block-photo-grid\" id=\"photo-anchor\">\r\n  <h2 class=\"text-center px-3 mb-12 w-[80%] sm:w-full ml-auto sm:ml-0 mr-auto sm:mr-0\">Autres avantages du club<\/h2>\r\n  \r\n    \r\n    <div class=\"block-photo-grid-wrapper not-swiper \">\r\n      <ul>\r\n                          \r\n          <li data-aos=\"fade-up\"\r\n              data-aos-duration=\"800\"\r\n              data-aos-anchor=\"#photo-anchor\">\r\n                          <span class=\"favori\">\r\n                <i class=\"fas fa-star\"><\/i>\r\n              <\/span>\r\n            \r\n            <div class=\"image-wrapper\">\r\n              <img src=\"https:\/\/dogofriends.com\/app\/uploads\/2023\/01\/avantage_dog.jpeg\" alt=\"\">\r\n                          <\/div>\r\n            <h2>Guides sant\u00e9<\/h2>            <p>D\u00e9couvre nos guides co-\u00e9crits par les meilleurs v\u00e9t\u00e9rinaires<\/p>          <\/li>\r\n                  \r\n          <li data-aos=\"fade-up\"\r\n              data-aos-duration=\"1100\"\r\n              data-aos-anchor=\"#photo-anchor\">\r\n                          <span class=\"favori\">\r\n                <i class=\"fas fa-star\"><\/i>\r\n              <\/span>\r\n            \r\n            <div class=\"image-wrapper\">\r\n              <img src=\"https:\/\/dogofriends.com\/app\/uploads\/2023\/01\/avantage_chat.jpeg\" alt=\"\">\r\n                          <\/div>\r\n            <h2>Concours<\/h2>            <p>Tente ta chance \u00e0 nos jeux concours pour g\u00e2ter ton compagnon \u00e0 4 pattes<\/p>          <\/li>\r\n              <\/ul>\r\n    <\/div>\r\n\r\n  \r\n  <div>\r\n    \r\n  <\/div>\r\n<\/section>\r\n\n\n<section class=\"block-cta bg-tertiary-100\">\n    <div class=\"flex flex-col md:flex-row justify-center items-stretch\">\n\n        <div class=\"w-full md:w-1\/2 flex flex-col justify-center items-center px-2\"\n             data-aos=\"fade-right\">\n            <div class=\"max-w-md mx-auto py-16\">\n                                    <h2 class=\"text-center mb-8\">C&#039;est parti pour l&#039;aventure ?<\/h2>\n                                                    <p class=\"text-center\"><p style=\"text-align: center;\">Alors rejoins le club en quelques clics !<\/p>\n<\/p>\n                \n                \n\n                \n\n\n                \n                    <a class=\"btn btn-primary block max-w-max mx-auto\"\n                       href=\"https:\/\/dogofriends.com\/fr\/campagne\/\">D\u00e9couvre nos campagnes !<\/a>\n                            <\/div>\n        <\/div>\n\n        <div class=\"w-full aspect-w-1 aspect-h-1 md:w-1\/2 md:aspect-w-6 md:aspect-h-2\"\n             data-aos=\"fade-left\">\n            <img src=\"https:\/\/dogofriends.com\/app\/uploads\/2023\/02\/1.png\" class=\"object-cover\" alt=\"\">\n        <\/div>\n\n    <\/div>\n\n    <div>\n        \n    <\/div>\n<\/section>\n","protected":false},"excerpt":{"rendered":"","protected":false},"author":11541,"featured_media":0,"parent":0,"menu_order":83,"comment_status":"closed","ping_status":"closed","template":"","meta":{"inline_featured_image":false},"acf":[],"yoast_head":"<!-- This site is optimized with the Yoast SEO plugin v17.9 - https:\/\/yoast.com\/wordpress\/plugins\/seo\/ -->\n<title>Home - Dogofriends<\/title>\n<meta name=\"robots\" content=\"noindex, follow, max-snippet:-1, max-image-preview:large, max-video-preview:-1\" \/>\n<meta property=\"og:locale\" content=\"fr_FR\" \/>\n<meta property=\"og:type\" content=\"article\" \/>\n<meta property=\"og:title\" content=\"Home - Dogofriends\" \/>\n<meta property=\"og:url\" content=\"https:\/\/dogofriends.com\/fr\/\" \/>\n<meta property=\"og:site_name\" content=\"Dogofriends\" \/>\n<meta property=\"article:modified_time\" content=\"2023-04-12T09:02:28+00:00\" \/>\n<meta name=\"twitter:card\" content=\"summary_large_image\" \/>\n<script type=\"application\/ld+json\" class=\"yoast-schema-graph\">{\"@context\":\"https:\/\/schema.org\",\"@graph\":[{\"@type\":\"WebSite\",\"@id\":\"https:\/\/dogofriends.com\/fr\/#website\",\"url\":\"https:\/\/dogofriends.com\/fr\/\",\"name\":\"Dogofriends\",\"description\":\"\",\"potentialAction\":[{\"@type\":\"SearchAction\",\"target\":{\"@type\":\"EntryPoint\",\"urlTemplate\":\"https:\/\/dogofriends.com\/fr\/?s={search_term_string}\"},\"query-input\":\"required name=search_term_string\"}],\"inLanguage\":\"fr-FR\"},{\"@type\":\"WebPage\",\"@id\":\"https:\/\/dogofriends.com\/fr\/#webpage\",\"url\":\"https:\/\/dogofriends.com\/fr\/\",\"name\":\"Home - Dogofriends\",\"isPartOf\":{\"@id\":\"https:\/\/dogofriends.com\/fr\/#website\"},\"datePublished\":\"2023-02-14T21:41:32+00:00\",\"dateModified\":\"2023-04-12T09:02:28+00:00\",\"breadcrumb\":{\"@id\":\"https:\/\/dogofriends.com\/fr\/#breadcrumb\"},\"inLanguage\":\"fr-FR\",\"potentialAction\":[{\"@type\":\"ReadAction\",\"target\":[\"https:\/\/dogofriends.com\/fr\/\"]}]},{\"@type\":\"BreadcrumbList\",\"@id\":\"https:\/\/dogofriends.com\/fr\/#breadcrumb\",\"itemListElement\":[{\"@type\":\"ListItem\",\"position\":1,\"name\":\"Home\",\"item\":\"https:\/\/dogofriends.com\/fr\/\"},{\"@type\":\"ListItem\",\"position\":2,\"name\":\"Home\"}]}]}<\/script>\n<!-- \/ Yoast SEO plugin. -->","yoast_head_json":{"title":"Home - Dogofriends","robots":{"index":"noindex","follow":"follow","max-snippet":"max-snippet:-1","max-image-preview":"max-image-preview:large","max-video-preview":"max-video-preview:-1"},"og_locale":"fr_FR","og_type":"article","og_title":"Home - Dogofriends","og_url":"https:\/\/dogofriends.com\/fr\/","og_site_name":"Dogofriends","article_modified_time":"2023-04-12T09:02:28+00:00","twitter_card":"summary_large_image","schema":{"@context":"https:\/\/schema.org","@graph":[{"@type":"WebSite","@id":"https:\/\/dogofriends.com\/fr\/#website","url":"https:\/\/dogofriends.com\/fr\/","name":"Dogofriends","description":"","potentialAction":[{"@type":"SearchAction","target":{"@type":"EntryPoint","urlTemplate":"https:\/\/dogofriends.com\/fr\/?s={search_term_string}"},"query-input":"required name=search_term_string"}],"inLanguage":"fr-FR"},{"@type":"WebPage","@id":"https:\/\/dogofriends.com\/fr\/#webpage","url":"https:\/\/dogofriends.com\/fr\/","name":"Home - Dogofriends","isPartOf":{"@id":"https:\/\/dogofriends.com\/fr\/#website"},"datePublished":"2023-02-14T21:41:32+00:00","dateModified":"2023-04-12T09:02:28+00:00","breadcrumb":{"@id":"https:\/\/dogofriends.com\/fr\/#breadcrumb"},"inLanguage":"fr-FR","potentialAction":[{"@type":"ReadAction","target":["https:\/\/dogofriends.com\/fr\/"]}]},{"@type":"BreadcrumbList","@id":"https:\/\/dogofriends.com\/fr\/#breadcrumb","itemListElement":[{"@type":"ListItem","position":1,"name":"Home","item":"https:\/\/dogofriends.com\/fr\/"},{"@type":"ListItem","position":2,"name":"Home"}]}]}},"_links":{"self":[{"href":"https:\/\/dogofriends.com\/fr\/wp-json\/wp\/v2\/pages\/3645"}],"collection":[{"href":"https:\/\/dogofriends.com\/fr\/wp-json\/wp\/v2\/pages"}],"about":[{"href":"https:\/\/dogofriends.com\/fr\/wp-json\/wp\/v2\/types\/page"}],"author":[{"embeddable":true,"href":"https:\/\/dogofriends.com\/fr\/wp-json\/wp\/v2\/users\/11541"}],"replies":[{"embeddable":true,"href":"https:\/\/dogofriends.com\/fr\/wp-json\/wp\/v2\/comments?post=3645"}],"version-history":[{"count":81,"href":"https:\/\/dogofriends.com\/fr\/wp-json\/wp\/v2\/pages\/3645\/revisions"}],"predecessor-version":[{"id":5018,"href":"https:\/\/dogofriends.com\/fr\/wp-json\/wp\/v2\/pages\/3645\/revisions\/5018"}],"wp:attachment":[{"href":"https:\/\/dogofriends.com\/fr\/wp-json\/wp\/v2\/media?parent=3645"}],"curies":[{"name":"wp","href":"https:\/\/api.w.org\/{rel}","templated":true}]}}