{"id":3661,"date":"2023-02-14T22:00:16","date_gmt":"2023-02-14T22:00:16","guid":{"rendered":"https:\/\/dogofriends.fr\/?page_id=3661"},"modified":"2023-04-12T09:03:41","modified_gmt":"2023-04-12T09:03:41","slug":"campagne","status":"publish","type":"page","link":"https:\/\/dogofriends.com\/fr\/campagne\/","title":{"rendered":"Campagne"},"content":{"rendered":"\n<p><\/p>\n\n\n\n<p><\/p>\n\n\n<section class=\"block-campaign py-20\">\r\n    <h2 class=\"text-center mb-8\">D\u00e9couvre nos campagnes du moment<\/h2>\r\n        <ul class=\"flex flex-row flex-wrap justify-center items-stretch max-w-none md:max-w-5xl mx-auto w-full\">\r\n                 \r\n        <li class=\"flex flex-col shadow-xl rounded-3xl m-4 bg-white max-w-md w-full md:w-1\/2 overflow-hidden\"\r\n            data-aos=\"fade-right\">\r\n            <div class=\"w-full aspect-w-5 aspect-h-2\">\r\n            <img src=\"https:\/\/dogofriends.com\/app\/uploads\/2023\/04\/Edgard-Cooper-Q1-2023-Presentation-Image-Website-1.png\" class=\"object-cover\" alt=\"\">\r\n            <\/div>\r\n            <div class=\"flex flex-col h-full p-5 sm:p-10\">\r\n            <h2 class=\"h4 mb-2\">Ultra Premium Direct<\/h2>\r\n            <p class=\"mb-4\">\u00c0 la recherche d\u2019une alimentation de haute qualit\u00e9 ? Nous t&#039;offrons la chance de faire tester gratuitement les croquettes Ultra Premium Direct \u00e0 ton chien ! \ud83d\udc36<\/p>\r\n            <a href=\"https:\/\/dogofriends.com\/fr\/ultra-premium-direct\/info\/\"  class=\"btn btn-primary btn-outline w-max justify-self-end mt-auto\">Inscriptions termin\u00e9es<\/a>\r\n            <\/div>\r\n        <\/li>\r\n                 \r\n        <li class=\"flex flex-col shadow-xl rounded-3xl m-4 bg-white max-w-md w-full md:w-1\/2 overflow-hidden\"\r\n            data-aos=\"fade-left\">\r\n            <div class=\"w-full aspect-w-5 aspect-h-2\">\r\n            <img src=\"https:\/\/dogofriends.com\/app\/uploads\/2023\/02\/Edgard-Cooper-Q1-2023-Image-Website-presentation.png\" class=\"object-cover\" alt=\"\">\r\n            <\/div>\r\n            <div class=\"flex flex-col h-full p-5 sm:p-10\">\r\n            <h2 class=\"h4 mb-2\">Edgard &amp; Cooper<\/h2>\r\n            <p class=\"mb-4\">Ton chat fait partie int\u00e9grante de la famille ? Alors, il a aussi le droit de bien manger. \ud83d\ude38 Nous t&#039;offrons la chance unique de d\u00e9couvrir Edgard &amp; Cooper gratuitement avec ta boule de poils pendant 3 semaines !<\/p>\r\n            <a href=\"https:\/\/dogofriends.com\/fr\/edgard-cooper\/info\/\"  class=\"btn btn-primary btn-outline w-max justify-self-end mt-auto\">Inscriptions termin\u00e9es<\/a>\r\n            <\/div>\r\n        <\/li>\r\n                 \r\n        <li class=\"flex flex-col shadow-xl rounded-3xl m-4 bg-white max-w-md w-full md:w-1\/2 overflow-hidden\"\r\n            data-aos=\"fade-right\">\r\n            <div class=\"w-full aspect-w-5 aspect-h-2\">\r\n            <img src=\"https:\/\/dogofriends.com\/app\/uploads\/2023\/02\/Untitled-design-39.png\" class=\"object-cover\" alt=\"\">\r\n            <\/div>\r\n            <div class=\"flex flex-col h-full p-5 sm:p-10\">\r\n            <h2 class=\"h4 mb-2\">PRO PLAN\u00ae LIVECLEAR\u00ae<\/h2>\r\n            <p class=\"mb-4\">Tu es sensible aux poils de chat ? Ou un membre de ta famille l&#039;est ? \ud83e\udd27\r\n\r\nNous te proposons de tester pendant 4 semaines PURINA\u00ae PRO PLAN\u00ae LIVECLEAR\u00ae : des croquettes r\u00e9volutionnaires qui r\u00e9duisent les allerg\u00e8nes sur les poils de chat. \ud83d\ude38<\/p>\r\n            <a href=\"https:\/\/dogofriends.com\/fr\/proplan-liveclear\/info\/\"  class=\"btn btn-primary btn-outline w-max justify-self-end mt-auto\">Inscriptions termin\u00e9es<\/a>\r\n            <\/div>\r\n        <\/li>\r\n            <\/ul>\r\n        <div>\r\n        \r\n    <\/div>\r\n<\/section>\r\n","protected":false},"excerpt":{"rendered":"","protected":false},"author":11541,"featured_media":0,"parent":0,"menu_order":45,"comment_status":"closed","ping_status":"closed","template":"","meta":{"inline_featured_image":false},"acf":[],"yoast_head":"<!-- This site is optimized with the Yoast SEO plugin v17.9 - https:\/\/yoast.com\/wordpress\/plugins\/seo\/ -->\n<title>Campagne - Dogofriends<\/title>\n<meta name=\"robots\" content=\"noindex, follow, max-snippet:-1, max-image-preview:large, max-video-preview:-1\" \/>\n<meta property=\"og:locale\" content=\"fr_FR\" \/>\n<meta property=\"og:type\" content=\"article\" \/>\n<meta property=\"og:title\" content=\"Campagne - Dogofriends\" \/>\n<meta property=\"og:url\" content=\"https:\/\/dogofriends.com\/fr\/campagne\/\" \/>\n<meta property=\"og:site_name\" content=\"Dogofriends\" \/>\n<meta property=\"article:modified_time\" content=\"2023-04-12T09:03:41+00:00\" \/>\n<meta name=\"twitter:card\" content=\"summary_large_image\" \/>\n<script type=\"application\/ld+json\" class=\"yoast-schema-graph\">{\"@context\":\"https:\/\/schema.org\",\"@graph\":[{\"@type\":\"WebSite\",\"@id\":\"https:\/\/dogofriends.com\/fr\/#website\",\"url\":\"https:\/\/dogofriends.com\/fr\/\",\"name\":\"Dogofriends\",\"description\":\"\",\"potentialAction\":[{\"@type\":\"SearchAction\",\"target\":{\"@type\":\"EntryPoint\",\"urlTemplate\":\"https:\/\/dogofriends.com\/fr\/?s={search_term_string}\"},\"query-input\":\"required name=search_term_string\"}],\"inLanguage\":\"fr-FR\"},{\"@type\":\"WebPage\",\"@id\":\"https:\/\/dogofriends.com\/fr\/campagne\/#webpage\",\"url\":\"https:\/\/dogofriends.com\/fr\/campagne\/\",\"name\":\"Campagne - Dogofriends\",\"isPartOf\":{\"@id\":\"https:\/\/dogofriends.com\/fr\/#website\"},\"datePublished\":\"2023-02-14T22:00:16+00:00\",\"dateModified\":\"2023-04-12T09:03:41+00:00\",\"breadcrumb\":{\"@id\":\"https:\/\/dogofriends.com\/fr\/campagne\/#breadcrumb\"},\"inLanguage\":\"fr-FR\",\"potentialAction\":[{\"@type\":\"ReadAction\",\"target\":[\"https:\/\/dogofriends.com\/fr\/campagne\/\"]}]},{\"@type\":\"BreadcrumbList\",\"@id\":\"https:\/\/dogofriends.com\/fr\/campagne\/#breadcrumb\",\"itemListElement\":[{\"@type\":\"ListItem\",\"position\":1,\"name\":\"Home\",\"item\":\"https:\/\/dogofriends.com\/fr\/\"},{\"@type\":\"ListItem\",\"position\":2,\"name\":\"Campagne\"}]}]}<\/script>\n<!-- \/ Yoast SEO plugin. -->","yoast_head_json":{"title":"Campagne - Dogofriends","robots":{"index":"noindex","follow":"follow","max-snippet":"max-snippet:-1","max-image-preview":"max-image-preview:large","max-video-preview":"max-video-preview:-1"},"og_locale":"fr_FR","og_type":"article","og_title":"Campagne - Dogofriends","og_url":"https:\/\/dogofriends.com\/fr\/campagne\/","og_site_name":"Dogofriends","article_modified_time":"2023-04-12T09:03:41+00:00","twitter_card":"summary_large_image","schema":{"@context":"https:\/\/schema.org","@graph":[{"@type":"WebSite","@id":"https:\/\/dogofriends.com\/fr\/#website","url":"https:\/\/dogofriends.com\/fr\/","name":"Dogofriends","description":"","potentialAction":[{"@type":"SearchAction","target":{"@type":"EntryPoint","urlTemplate":"https:\/\/dogofriends.com\/fr\/?s={search_term_string}"},"query-input":"required name=search_term_string"}],"inLanguage":"fr-FR"},{"@type":"WebPage","@id":"https:\/\/dogofriends.com\/fr\/campagne\/#webpage","url":"https:\/\/dogofriends.com\/fr\/campagne\/","name":"Campagne - Dogofriends","isPartOf":{"@id":"https:\/\/dogofriends.com\/fr\/#website"},"datePublished":"2023-02-14T22:00:16+00:00","dateModified":"2023-04-12T09:03:41+00:00","breadcrumb":{"@id":"https:\/\/dogofriends.com\/fr\/campagne\/#breadcrumb"},"inLanguage":"fr-FR","potentialAction":[{"@type":"ReadAction","target":["https:\/\/dogofriends.com\/fr\/campagne\/"]}]},{"@type":"BreadcrumbList","@id":"https:\/\/dogofriends.com\/fr\/campagne\/#breadcrumb","itemListElement":[{"@type":"ListItem","position":1,"name":"Home","item":"https:\/\/dogofriends.com\/fr\/"},{"@type":"ListItem","position":2,"name":"Campagne"}]}]}},"_links":{"self":[{"href":"https:\/\/dogofriends.com\/fr\/wp-json\/wp\/v2\/pages\/3661"}],"collection":[{"href":"https:\/\/dogofriends.com\/fr\/wp-json\/wp\/v2\/pages"}],"about":[{"href":"https:\/\/dogofriends.com\/fr\/wp-json\/wp\/v2\/types\/page"}],"author":[{"embeddable":true,"href":"https:\/\/dogofriends.com\/fr\/wp-json\/wp\/v2\/users\/11541"}],"replies":[{"embeddable":true,"href":"https:\/\/dogofriends.com\/fr\/wp-json\/wp\/v2\/comments?post=3661"}],"version-history":[{"count":72,"href":"https:\/\/dogofriends.com\/fr\/wp-json\/wp\/v2\/pages\/3661\/revisions"}],"predecessor-version":[{"id":5020,"href":"https:\/\/dogofriends.com\/fr\/wp-json\/wp\/v2\/pages\/3661\/revisions\/5020"}],"wp:attachment":[{"href":"https:\/\/dogofriends.com\/fr\/wp-json\/wp\/v2\/media?parent=3661"}],"curies":[{"name":"wp","href":"https:\/\/api.w.org\/{rel}","templated":true}]}}