{"id":3664,"date":"2023-02-14T22:01:37","date_gmt":"2023-02-14T22:01:37","guid":{"rendered":"https:\/\/dogofriends.fr\/?page_id=3664"},"modified":"2023-02-28T14:09:35","modified_gmt":"2023-02-28T14:09:35","slug":"comment-ca-marche","status":"publish","type":"page","link":"https:\/\/dogofriends.com\/fr\/comment-ca-marche\/","title":{"rendered":"Comment \u00e7a marche ?"},"content":{"rendered":"<section class=\"block-text-image wp-block-text-image px-4 md:px-0 pt-10\">\r\n  <h1 class=\"text-center mb-6\">Comment \u00e7a marche ?<\/h1>  <div class=\"text-center mx-auto mb-8 max-w-xl\"><p>Dogofriends te propose de d\u00e9couvrir gratuitement des nouveaux produits pour tes fid\u00e8les compagnons. En \u00e9change, tu dois simplement donner ton avis sur les produits test\u00e9s et partager ton exp\u00e9rience sur tes r\u00e9seaux sociaux et avec ton entourage.<\/p>\n<\/div>\r\n      <div class=\"space-y-8 py-1\">\r\n              <div class=\"flex flex-col md:flex-row max-w-sm w-full mx-auto md:max-w-4xl py-1\">\r\n          <div class=\"flex items-center max-w-sm w-full md:w-5\/12 mx-0 md:mx-10 mb-7 md:mb-0 order-1\"\r\n                data-aos=\"fade-right\">\r\n            <div class=\"aspect-w-1 aspect-h-1 w-full h-0 rounded-3xl overflow-hidden\">\r\n              <img src=\"https:\/\/dogofriends.com\/app\/uploads\/2023\/02\/1.png\"\r\n                   class=\"object-cover h-full w-full\"\r\n                   alt=\"\">\r\n            <\/div>\r\n          <\/div>\r\n\r\n          <div class=\"flex flex-col justify-center w-full md:w-7\/12 max-w-md mx-0 md:mx-10 order-2\"\r\n                data-aos=\"fade-left\">\r\n            <h2 class=\"mb-0\">Adh\u00e8re<\/h2>\r\n            <div class=\"m-0\"><p>Pour tester un produit, il te suffit de te porter candidat pour les campagnes qui t&rsquo;int\u00e9ressent. Tu devras simplement remplir un petit questionnaire pour enregistrer ta candidature.<\/p>\n<\/div>\r\n          <\/div>\r\n        <\/div>\r\n              <div class=\"flex flex-col md:flex-row max-w-sm w-full mx-auto md:max-w-4xl py-1\">\r\n          <div class=\"flex items-center max-w-sm w-full md:w-5\/12 mx-0 md:mx-10 mb-7 md:mb-0 order-1 md:order-2\"\r\n                data-aos=\"fade-left\">\r\n            <div class=\"aspect-w-1 aspect-h-1 w-full h-0 rounded-3xl overflow-hidden\">\r\n              <img src=\"https:\/\/dogofriends.com\/app\/uploads\/2023\/02\/2.png\"\r\n                   class=\"object-cover h-full w-full\"\r\n                   alt=\"\">\r\n            <\/div>\r\n          <\/div>\r\n\r\n          <div class=\"flex flex-col justify-center w-full md:w-7\/12 max-w-md mx-0 md:mx-10 order-2 md:order-1\"\r\n                data-aos=\"fade-right\">\r\n            <h2 class=\"mb-0\">D\u00e9couvre<\/h2>\r\n            <div class=\"m-0\"><p>Notre \u00e9quipe s\u00e9lectionne ensuite les ambassadeurs qui participeront aux tests. Cette s\u00e9lection se fait sur base du questionnaire de candidature. Si tu es s\u00e9lectionn\u00e9(e), tu recevras les produits \u00e0 tester directement \u00e0 la maison.<\/p>\n<\/div>\r\n          <\/div>\r\n        <\/div>\r\n              <div class=\"flex flex-col md:flex-row max-w-sm w-full mx-auto md:max-w-4xl py-1\">\r\n          <div class=\"flex items-center max-w-sm w-full md:w-5\/12 mx-0 md:mx-10 mb-7 md:mb-0 order-1\"\r\n                data-aos=\"fade-right\">\r\n            <div class=\"aspect-w-1 aspect-h-1 w-full h-0 rounded-3xl overflow-hidden\">\r\n              <img src=\"https:\/\/dogofriends.com\/app\/uploads\/2023\/01\/test-e1676410614301.jpeg\"\r\n                   class=\"object-cover h-full w-full\"\r\n                   alt=\"\">\r\n            <\/div>\r\n          <\/div>\r\n\r\n          <div class=\"flex flex-col justify-center w-full md:w-7\/12 max-w-md mx-0 md:mx-10 order-2\"\r\n                data-aos=\"fade-left\">\r\n            <h2 class=\"mb-0\">Teste<\/h2>\r\n            <div class=\"m-0\"><p>Fais d\u00e9couvrir \u00e0 ton chien ou ton chat des produits de haute qualit\u00e9 ! Nous avons r\u00e9guli\u00e8rement des nouvelles campagnes pour les g\u00e2ter.<\/p>\n<\/div>\r\n          <\/div>\r\n        <\/div>\r\n              <div class=\"flex flex-col md:flex-row max-w-sm w-full mx-auto md:max-w-4xl py-1\">\r\n          <div class=\"flex items-center max-w-sm w-full md:w-5\/12 mx-0 md:mx-10 mb-7 md:mb-0 order-1 md:order-2\"\r\n                data-aos=\"fade-left\">\r\n            <div class=\"aspect-w-1 aspect-h-1 w-full h-0 rounded-3xl overflow-hidden\">\r\n              <img src=\"https:\/\/dogofriends.com\/app\/uploads\/2023\/01\/partage.jpeg\"\r\n                   class=\"object-cover h-full w-full\"\r\n                   alt=\"\">\r\n            <\/div>\r\n          <\/div>\r\n\r\n          <div class=\"flex flex-col justify-center w-full md:w-7\/12 max-w-md mx-0 md:mx-10 order-2 md:order-1\"\r\n                data-aos=\"fade-right\">\r\n            <h2 class=\"mb-0\">Partage<\/h2>\r\n            <div class=\"m-0\"><p>Pendant le test, nous t&rsquo;inviterons \u00e0 donner ton avis sur les produits test\u00e9s et partager ton exp\u00e9rience sur tes r\u00e9seaux sociaux et avec ton entourage.<\/p>\n<p>Les dogofriends les plus actifs augmentent leurs chances d&rsquo;\u00eatre s\u00e9lectionn\u00e9s pour les prochaines campagnes \ud83d\ude09<\/p>\n<\/div>\r\n          <\/div>\r\n        <\/div>\r\n          <\/div>\r\n  \r\n  <div>\r\n    \r\n  <\/div>\r\n<\/section>\r\n\n\n<section class=\"block-cta bg-secondary-100\">\n    <div class=\"flex flex-col md:flex-row justify-center items-stretch\">\n\n        <div class=\"w-full md:w-1\/2 flex flex-col justify-center items-center px-2\"\n             data-aos=\"fade-right\">\n            <div class=\"max-w-md mx-auto py-16\">\n                                    <h2 class=\"text-center mb-8\">C&#039;est parti pour l&#039;aventure ?<\/h2>\n                                                    <p class=\"text-center\"><p style=\"text-align: center;\">Rejoins la communaut\u00e9 Dogofriends et profite de produits gratuits avec ton ami \u00e0 quatre pattes !<\/p>\n<\/p>\n                \n                \n\n                \n\n\n                \n                    <a class=\"btn btn-primary block max-w-max mx-auto\"\n                       href=\"https:\/\/dogofriends.com\/fr\/campagne\/\">D\u00e9couvre nos campagnes !<\/a>\n                            <\/div>\n        <\/div>\n\n        <div class=\"w-full aspect-w-1 aspect-h-1 md:w-1\/2 md:aspect-w-6 md:aspect-h-2\"\n             data-aos=\"fade-left\">\n            <img src=\"https:\/\/dogofriends.com\/app\/uploads\/2023\/02\/bruno-emmanuelle-azsk_6IMT3I-unsplash.jpg\" class=\"object-cover\" alt=\"\">\n        <\/div>\n\n    <\/div>\n\n    <div>\n        \n    <\/div>\n<\/section>\n","protected":false},"excerpt":{"rendered":"","protected":false},"author":11541,"featured_media":0,"parent":0,"menu_order":68,"comment_status":"closed","ping_status":"closed","template":"","meta":{"inline_featured_image":false},"acf":[],"yoast_head":"<!-- This site is optimized with the Yoast SEO plugin v17.9 - https:\/\/yoast.com\/wordpress\/plugins\/seo\/ -->\n<title>Comment \u00e7a marche ? - Dogofriends<\/title>\n<meta name=\"robots\" content=\"noindex, follow, max-snippet:-1, max-image-preview:large, max-video-preview:-1\" \/>\n<meta property=\"og:locale\" content=\"fr_FR\" \/>\n<meta property=\"og:type\" content=\"article\" \/>\n<meta property=\"og:title\" content=\"Comment \u00e7a marche ? - Dogofriends\" \/>\n<meta property=\"og:url\" content=\"https:\/\/dogofriends.com\/fr\/comment-ca-marche\/\" \/>\n<meta property=\"og:site_name\" content=\"Dogofriends\" \/>\n<meta property=\"article:modified_time\" content=\"2023-02-28T14:09:35+00:00\" \/>\n<meta name=\"twitter:card\" content=\"summary_large_image\" \/>\n<script type=\"application\/ld+json\" class=\"yoast-schema-graph\">{\"@context\":\"https:\/\/schema.org\",\"@graph\":[{\"@type\":\"WebSite\",\"@id\":\"https:\/\/dogofriends.com\/fr\/#website\",\"url\":\"https:\/\/dogofriends.com\/fr\/\",\"name\":\"Dogofriends\",\"description\":\"\",\"potentialAction\":[{\"@type\":\"SearchAction\",\"target\":{\"@type\":\"EntryPoint\",\"urlTemplate\":\"https:\/\/dogofriends.com\/fr\/?s={search_term_string}\"},\"query-input\":\"required name=search_term_string\"}],\"inLanguage\":\"fr-FR\"},{\"@type\":\"WebPage\",\"@id\":\"https:\/\/dogofriends.com\/fr\/comment-ca-marche\/#webpage\",\"url\":\"https:\/\/dogofriends.com\/fr\/comment-ca-marche\/\",\"name\":\"Comment \\u00e7a marche ? - Dogofriends\",\"isPartOf\":{\"@id\":\"https:\/\/dogofriends.com\/fr\/#website\"},\"datePublished\":\"2023-02-14T22:01:37+00:00\",\"dateModified\":\"2023-02-28T14:09:35+00:00\",\"breadcrumb\":{\"@id\":\"https:\/\/dogofriends.com\/fr\/comment-ca-marche\/#breadcrumb\"},\"inLanguage\":\"fr-FR\",\"potentialAction\":[{\"@type\":\"ReadAction\",\"target\":[\"https:\/\/dogofriends.com\/fr\/comment-ca-marche\/\"]}]},{\"@type\":\"BreadcrumbList\",\"@id\":\"https:\/\/dogofriends.com\/fr\/comment-ca-marche\/#breadcrumb\",\"itemListElement\":[{\"@type\":\"ListItem\",\"position\":1,\"name\":\"Home\",\"item\":\"https:\/\/dogofriends.com\/fr\/\"},{\"@type\":\"ListItem\",\"position\":2,\"name\":\"Comment \\u00e7a marche ?\"}]}]}<\/script>\n<!-- \/ Yoast SEO plugin. -->","yoast_head_json":{"title":"Comment \u00e7a marche ? - Dogofriends","robots":{"index":"noindex","follow":"follow","max-snippet":"max-snippet:-1","max-image-preview":"max-image-preview:large","max-video-preview":"max-video-preview:-1"},"og_locale":"fr_FR","og_type":"article","og_title":"Comment \u00e7a marche ? - Dogofriends","og_url":"https:\/\/dogofriends.com\/fr\/comment-ca-marche\/","og_site_name":"Dogofriends","article_modified_time":"2023-02-28T14:09:35+00:00","twitter_card":"summary_large_image","schema":{"@context":"https:\/\/schema.org","@graph":[{"@type":"WebSite","@id":"https:\/\/dogofriends.com\/fr\/#website","url":"https:\/\/dogofriends.com\/fr\/","name":"Dogofriends","description":"","potentialAction":[{"@type":"SearchAction","target":{"@type":"EntryPoint","urlTemplate":"https:\/\/dogofriends.com\/fr\/?s={search_term_string}"},"query-input":"required name=search_term_string"}],"inLanguage":"fr-FR"},{"@type":"WebPage","@id":"https:\/\/dogofriends.com\/fr\/comment-ca-marche\/#webpage","url":"https:\/\/dogofriends.com\/fr\/comment-ca-marche\/","name":"Comment \u00e7a marche ? - Dogofriends","isPartOf":{"@id":"https:\/\/dogofriends.com\/fr\/#website"},"datePublished":"2023-02-14T22:01:37+00:00","dateModified":"2023-02-28T14:09:35+00:00","breadcrumb":{"@id":"https:\/\/dogofriends.com\/fr\/comment-ca-marche\/#breadcrumb"},"inLanguage":"fr-FR","potentialAction":[{"@type":"ReadAction","target":["https:\/\/dogofriends.com\/fr\/comment-ca-marche\/"]}]},{"@type":"BreadcrumbList","@id":"https:\/\/dogofriends.com\/fr\/comment-ca-marche\/#breadcrumb","itemListElement":[{"@type":"ListItem","position":1,"name":"Home","item":"https:\/\/dogofriends.com\/fr\/"},{"@type":"ListItem","position":2,"name":"Comment \u00e7a marche ?"}]}]}},"_links":{"self":[{"href":"https:\/\/dogofriends.com\/fr\/wp-json\/wp\/v2\/pages\/3664"}],"collection":[{"href":"https:\/\/dogofriends.com\/fr\/wp-json\/wp\/v2\/pages"}],"about":[{"href":"https:\/\/dogofriends.com\/fr\/wp-json\/wp\/v2\/types\/page"}],"author":[{"embeddable":true,"href":"https:\/\/dogofriends.com\/fr\/wp-json\/wp\/v2\/users\/11541"}],"replies":[{"embeddable":true,"href":"https:\/\/dogofriends.com\/fr\/wp-json\/wp\/v2\/comments?post=3664"}],"version-history":[{"count":27,"href":"https:\/\/dogofriends.com\/fr\/wp-json\/wp\/v2\/pages\/3664\/revisions"}],"predecessor-version":[{"id":4236,"href":"https:\/\/dogofriends.com\/fr\/wp-json\/wp\/v2\/pages\/3664\/revisions\/4236"}],"wp:attachment":[{"href":"https:\/\/dogofriends.com\/fr\/wp-json\/wp\/v2\/media?parent=3664"}],"curies":[{"name":"wp","href":"https:\/\/api.w.org\/{rel}","templated":true}]}}