{"id":3668,"date":"2023-02-14T22:03:55","date_gmt":"2023-02-14T22:03:55","guid":{"rendered":"https:\/\/dogofriends.fr\/?page_id=3668"},"modified":"2023-02-28T09:20:10","modified_gmt":"2023-02-28T09:20:10","slug":"politique-de-confidentialite","status":"publish","type":"page","link":"https:\/\/dogofriends.com\/fr\/politique-de-confidentialite\/","title":{"rendered":"Politique de confidentialit\u00e9"},"content":{"rendered":"<div class=\"wp-block-section aligncenter\">\r\n    <div class=\"container\" data-aos=\"fade-up\">\r\n        \n\n<p><strong>Politique de protection des donn\u00e9es<\/strong><\/p>\n\n\n\n<p>1. Politique de confidentialit\u00e9<\/p>\n\n\n\n<p>Foxmango garanti le respect de la vie priv\u00e9e de l\u2019utilisateur, conform\u00e9ment au R\u00e8glement n\u1d52 2016\/679, dit R\u00e8glement G\u00e9n\u00e9ral sur la Protection des Donn\u00e9es.<\/p>\n\n\n\n<p>Le DPO responsable des donn\u00e9es personnelles et de leur traitement est \u00c9milie Grosjean.<\/p>\n\n\n\n<p>Cette politique de confidentialit\u00e9 vous fournit des d\u00e9tails sur la mani\u00e8re dont nous collectons, traitons et partageons vos donn\u00e9es \u00e0 travers votre utilisation de notre site web\u00a0<a href=\"https:\/\/www.dogofriends.com\">https:\/\/www.dogofriends.com<\/a>.<\/p>\n\n\n\n<p>1.1. Quelles donn\u00e9es collectons-nous ?<\/p>\n\n\n\n<p>Les donn\u00e9es collect\u00e9es doivent \u00eatre pr\u00e9cises et v\u00e9ritables pour que cela n\u2019influence pas n\u00e9gativement le service offert \u00e0 tous nos clients et distributeurs. En cas de non-respect de ces r\u00e8gles, le compte de l\u2019utilisateur sera supprim\u00e9.<\/p>\n\n\n\n<p>Il est possible que nous traitions les donn\u00e9es suivantes vous concernant:<\/p>\n\n\n\n<p>a)&nbsp;&nbsp;&nbsp;&nbsp;&nbsp; Les donn\u00e9es de base vous concernant&nbsp;:<\/p>\n\n\n\n<p>Votre nom et pr\u00e9nom<\/p>\n\n\n\n<p>Votre genre<\/p>\n\n\n\n<p>Votre langue<\/p>\n\n\n\n<p>Votre date de naissance<\/p>\n\n\n\n<p>b) Les donn\u00e9es de base concernant vos animaux :<\/p>\n\n\n\n<p>Type d&rsquo;animal (chien ou chat)<\/p>\n\n\n\n<p>Leur race<\/p>\n\n\n\n<p>Leur \u00e2ge<\/p>\n\n\n\n<p>Leur taille<\/p>\n\n\n\n<p>Leur pr\u00e9nom<\/p>\n\n\n\n<p>c)&nbsp;&nbsp;&nbsp;&nbsp;&nbsp; Les points de contact :<\/p>\n\n\n\n<p>Votre adresse postale<\/p>\n\n\n\n<p>Votre adresse e-mail<\/p>\n\n\n\n<p>Vos profils sur les r\u00e9seaux sociaux (pour pouvoir vous contacter par exemple via Messenger)<\/p>\n\n\n\n<p>Votre num\u00e9ro de GSM et\/ou de t\u00e9l\u00e9phone<\/p>\n\n\n\n<p>d)&nbsp;&nbsp;&nbsp;&nbsp;&nbsp; Les enqu\u00eates et campagnes marketing :<\/p>\n\n\n\n<p>Si vous remplissez nos questionnaires lors de nos campagnes marketing ou de nos enqu\u00eates, nous disposerons de donn\u00e9es suppl\u00e9mentaires \u00e0 votre sujet, en fonction des r\u00e9ponses que vous avez donn\u00e9es.<\/p>\n\n\n\n<p>e)&nbsp;&nbsp;&nbsp;&nbsp;&nbsp; Autres donn\u00e9es anonymes :<\/p>\n\n\n\n<p>Nous collectons \u00e9galement des informations anonymes sur votre utilisation de notre site web et des services en ligne tels que votre adresse IP, vos donn\u00e9es de connexion, des d\u00e9tails sur votre navigateur, la dur\u00e9e de vos sessions sur notre site, les pages vues et les chemins de navigation.<\/p>\n\n\n\n<p>1.2. Comment et pourquoi recueillons-nous ces donn\u00e9es ?<\/p>\n\n\n\n<p>a)&nbsp;&nbsp;&nbsp;&nbsp;&nbsp; Pour vous proposer un contenu de qualit\u00e9<\/p>\n\n\n\n<p>Vos donn\u00e9es personnelles sont collect\u00e9es via nos formulaires et enqu\u00eates. Comme par exemple celui lors de l\u2019inscription \u00e0 notre plateforme.<\/p>\n\n\n\n<p>Cela concerne \u00e9galement les autres formulaires partag\u00e9s dans le cadre de campagne marketing diffus\u00e9s par Dogofriends sur Dogofriends ou sur des sites partenaires ou sur les r\u00e9seaux sociaux.<\/p>\n\n\n\n<p>Ces donn\u00e9es nous sont utiles pour vous proposer des produits, offres et informations adapt\u00e9s.<\/p>\n\n\n\n<p>b)&nbsp;&nbsp;&nbsp;&nbsp;&nbsp; Pour vous offrir une meilleure exp\u00e9rience sur notre site web<\/p>\n\n\n\n<p>Nous stockons des cookies sur votre navigateur notamment un cookie propre \u00e0 Google Analytics qui nous permet de suivre votre utilisation de notre site web (adresse IP, donn\u00e9es de connexion, d\u00e9tails de votre navigateur, dur\u00e9e de vos sessions, pages vues et chemins de navigation). Gr\u00e2ce \u00e0 ce syst\u00e8me nous avons acc\u00e8s \u00e0 des donn\u00e9es agr\u00e9g\u00e9es qui nous aident \u00e0 analyser les statistiques d\u2019audience et \u00e0 am\u00e9liorer nos pages, contenus et chemin de navigation.<\/p>\n\n\n\n<p>Les informations collect\u00e9es \u00e0 ce sujet sont totalement anonymes et ne permettent pas votre identification.<\/p>\n\n\n\n<p>L\u2019usage des cookies nous permet \u00e9galement d\u2019assurer le bon fonctionnement de notre site web, d\u2019am\u00e9liorer la vitesse et la s\u00e9curit\u00e9, d\u2019am\u00e9liorer les fonctionnalit\u00e9s.<\/p>\n\n\n\n<p>c)&nbsp;&nbsp;&nbsp;&nbsp;&nbsp; Pour vous offrir des contenus cibl\u00e9s et adapt\u00e9s sur les r\u00e9seaux sociaux de Meta<\/p>\n\n\n\n<p>Nous utilisons des outils de marketing, tels que le pixel Meta, pour vous envoyer des publicit\u00e9s cibl\u00e9es sur les r\u00e9seaux sociaux de Meta.<\/p>\n\n\n\n<p>Pour ce faire, nous avons impl\u00e9ment\u00e9 dans le code de notre site web, un bout de code JavaScript appel\u00e9 le Pixel Meta.<\/p>\n\n\n\n<p>Le Pixel Meta est en mesure de tracer les pages que vous visitez sur notre site web et certaines actions que vous prenez sur notre site web comme votre l\u2019inscription \u00e0 Dogofriends.<\/p>\n\n\n\n<p>Cela nous permet alors de vous envoyer des publicit\u00e9s de remarketing sur les r\u00e9seaux sociaux de Meta et son r\u00e9seau d\u2019application.<\/p>\n\n\n\n<p>Nous utilisons \u00e9galement vos donn\u00e9es pour vous proposer des publicit\u00e9s cibl\u00e9es en fonction de votre profil. Pour cela nous utilisons les fonctionnalit\u00e9s de cr\u00e9ation d\u2019audience personnalis\u00e9e propos\u00e9es par META.<\/p>\n\n\n\n<p>d)&nbsp;&nbsp;&nbsp;&nbsp;&nbsp; Pour communiquer avec vous et r\u00e9pondre \u00e0 vos questions<\/p>\n\n\n\n<p>En nous contactant par e-mail, vous nous donnez naturellement votre adresse e-mail en tant qu\u2019adresse de l\u2019exp\u00e9diteur. En outre, vous pouvez \u00e9galement inclure d\u2019autres informations personnelles dans le corps du message ou les autres champs de notre formulaire.<\/p>\n\n\n\n<p>Le traitement des donn\u00e9es personnelles dans ce cas est votre consentement r\u00e9sultant \u00e0 l\u2019initiation de nous contacter.<\/p>\n\n\n\n<p>Vos donn\u00e9es personnelles fournies dans le cadre du contact par e-mail sont trait\u00e9es uniquement pour r\u00e9pondre \u00e0 votre demande. Le contenu de la correspondance peut donc \u00eatre archiv\u00e9.<\/p>\n\n\n\n<p>e)&nbsp;&nbsp;&nbsp;&nbsp;&nbsp; Lorsque vous laissez vos commentaires sur nos r\u00e9seaux sociaux<\/p>\n\n\n\n<p>Lorsque vous laissez un commentaire sur nos r\u00e9seaux sociaux, les donn\u00e9es inscrites dans le formulaire de commentaire, mais aussi votre adresse IP et l\u2019agent utilisateur de votre navigateur sont collect\u00e9s pour nous aider \u00e0 la d\u00e9tection des commentaires ind\u00e9sirables.<\/p>\n\n\n\n<p>1.3. Vos consentements<\/p>\n\n\n\n<p>a)&nbsp;&nbsp;&nbsp;&nbsp;&nbsp; A recevoir des infos sur les campagnes de tests produits et des invitations \u00e0 des concours<\/p>\n\n\n\n<p>Lors de votre inscription sur le site Dogofriends, vous avez le choix de vous abonner \u00e0 l\u2019option \u00ab&nbsp;Oui, je veux recevoir des infos sur les campagnes de tests produits et des invitations \u00e0 des concours&nbsp;\u00bb<\/p>\n\n\n\n<p>Pour envoyer les cadeaux\/produits \u00e0 tester et invitations exclusives, nous utilisons uniquement les donn\u00e9es personnelles que vous nous avez fournies via nos formulaires et enqu\u00eates.<\/p>\n\n\n\n<p>Lorsque vous cliquez sur la case \u00ab Oui, je veux recevoir des infos sur les campagnes de tests produits et des invitations \u00e0 des concours\u00bb, vous acceptez que ces informations vous soient envoy\u00e9es par e-mail ou par la poste ou tout autres moyens de communication que vous nous avez communiqu\u00e9.<\/p>\n\n\n\n<p>La base juridique pour le traitement de vos donn\u00e9es personnelles dans le cadre des infos sur les campagnes de tests produits et des invitations \u00e0 des concours est votre consentement exprim\u00e9 en s\u00e9lectionnant le contenu pertinent de la case \u00e0 cocher lors de l\u2019inscription. Vous pouvez retirer votre consentement \u00e0 tout moment en cessant de recevoir nos offres. Le \u00ab opt-out \u00bb est disponible en bas de chaque e-mail envoy\u00e9.<\/p>\n\n\n\n<p>Vos donn\u00e9es sont conserv\u00e9es \u00e0 dur\u00e9e ind\u00e9termin\u00e9e jusqu\u2019\u00e0 ce que vous nous demandiez de les supprimer.<\/p>\n\n\n\n<p>b)&nbsp;&nbsp;&nbsp;&nbsp;&nbsp; Aux cookies<\/p>\n\n\n\n<p>Lors de votre premi\u00e8re visite sur notre site web, des informations sur l\u2019utilisation des cookies vous sont pr\u00e9sent\u00e9es.<\/p>\n\n\n\n<p>Accepter et fermer cette information signifie que vous acceptez l\u2019utilisation de cookies conform\u00e9ment aux dispositions de cette politique de confidentialit\u00e9.<\/p>\n\n\n\n<p>Vous pouvez toujours retirer votre consentement en supprimant les cookies et en modifiant les param\u00e8tres des cookies dans votre navigateur. Sachez que la d\u00e9sactivation des cookies peut entra\u00eener des difficult\u00e9s d\u2019utilisation de notre site web, ainsi que de nombreux autres sites web utilisant des cookies.<\/p>\n\n\n\n<p>c)&nbsp;&nbsp;&nbsp;&nbsp;&nbsp; Aux conversations avec notre chatbot<\/p>\n\n\n\n<p>Lors de nos campagnes marketing, il est possible que nous vous invitions \u00e0 communiquer avec un chatbot.<\/p>\n\n\n\n<p>Le chatbot nous permet de communiquer avec vous et des lors de r\u00e9colter des donn\u00e9es vous concernant.<\/p>\n\n\n\n<p>Ces donn\u00e9es peuvent \u00eatre utilis\u00e9es pour r\u00e9pondre \u00e0 vos questions et ainsi s\u2019assurer du bon d\u00e9roulement de la campagne marketing.<\/p>\n\n\n\n<p>La base juridique pour le traitement de vos donn\u00e9es personnelles dans le cadre de conversation entre vous et notre chatbot est votre consentement exprim\u00e9 en vous connectant avec ceux-ci.<\/p>\n\n\n\n<p>Vous pouvez retirer votre consentement \u00e0 tout moment en vous d\u00e9sactivant de la conversation.<\/p>\n\n\n\n<p>Vos donn\u00e9es sont conserv\u00e9es \u00e0 dur\u00e9e ind\u00e9termin\u00e9e jusqu\u2019\u00e0 ce que vous nous demandiez de les supprimer.<\/p>\n\n\n\n<p>d)&nbsp; &nbsp; Autres consentements<\/p>\n\n\n\n<p>Lors de nos campagnes marketing et enqu\u00eates, il est possible que nous vous demandions d\u2019autres consentements que ceux cit\u00e9s ci-dessus (ex: lorsque nous vous demandons votre consentement pour recevoir les informations commerciales d\u2019un de nos partenaires).&nbsp;<\/p>\n\n\n\n<p>La base juridique pour le traitement de vos donn\u00e9es personnelles dans le cadre de ces campagnes marketing et enqu\u00eates est votre consentement exprim\u00e9 en s\u00e9lectionnant le contenu pertinent de la case \u00e0 cocher lors de l\u2019inscription \u00e0 la campagne marketing ou \u00e0 l\u2019enqu\u00eate. Vous pouvez retirer votre consentement \u00e0 tout moment en envoyant un email \u00e0 info@dogofriends.fr. Un \u00ab opt-out \u00bb est \u00e9galement disponible en bas de chaque e-mail envoy\u00e9.<\/p>\n\n\n\n<p>Vos donn\u00e9es sont conserv\u00e9es \u00e0 dur\u00e9e ind\u00e9termin\u00e9e jusqu\u2019\u00e0 ce que vous nous demandiez de les supprimer.<\/p>\n\n\n\n<p>1.4. Quels sont vos droits d\u2019acc\u00e8s sur vos donn\u00e9es personnelles ?<\/p>\n\n\n\n<p>Vous avez \u00e0 tout moment un droit d\u2019acc\u00e8s \u00e0 vos donn\u00e9es personnelles via votre compte personnel sur le site web de dogofriends.fr, ainsi que le droit de corriger ces donn\u00e9es via le formulaire d\u2019inscription sur le site web, et\/ou de les effacer.<\/p>\n\n\n\n<p>Conform\u00e9ment aux lois sur la protection des donn\u00e9es (RGPD), vous avez :<\/p>\n\n\n\n<p>Le droit de demander l\u2019acc\u00e8s \u00e0 vos donn\u00e9es personnelles, la rectification, la suppression ou la limitation du traitement<\/p>\n\n\n\n<p>Le droit de vous opposer au traitement<\/p>\n\n\n\n<p>Le droit d\u2019effacer vos donn\u00e9es<\/p>\n\n\n\n<p>Le droit de retirer votre consentement au traitement des donn\u00e9es personnelles dans un but sp\u00e9cifique si vous avez d\u00e9j\u00e0 donn\u00e9 un tel consentement<\/p>\n\n\n\n<p>Le droit de porter plainte aupr\u00e8s de l\u2019organe de surveillance dans le cadre du traitement de vos donn\u00e9es personnelles<\/p>\n\n\n\n<p>Aussi, si vous avez un compte ou si vous avez laiss\u00e9 des commentaires sur notre site, vous pouvez demander \u00e0 recevoir un fichier contenant toutes les donn\u00e9es personnelles que nous poss\u00e9dons \u00e0 votre sujet, incluant celles que vous nous avez fournies.<\/p>\n\n\n\n<p>Vous pouvez \u00e9galement demander la suppression des donn\u00e9es personnelles vous concernant.<\/p>\n\n\n\n<p>Cela ne prend pas en compte les donn\u00e9es stock\u00e9es \u00e0 des fins administratives, l\u00e9gales ou pour des raisons de s\u00e9curit\u00e9.<\/p>\n\n\n\n<p>1.5. Comment prot\u00e9geons-nous vos donn\u00e9es ?<\/p>\n\n\n\n<p>\u00c0 travers la base de donn\u00e9es Actito, nous r\u00e9coltons les donn\u00e9es de nos membres.<\/p>\n\n\n\n<p>Certaines donn\u00e9es r\u00e9colt\u00e9es via nos formulaires ou enqu\u00eates sont \u00e9galement enregistr\u00e9es chez notre partenaire Qualifio.<\/p>\n\n\n\n<p>Nous mettons tout en \u0153uvre pour assurer \u00e0 vos donn\u00e9es la plus grande confidentialit\u00e9 et la meilleure s\u00e9curit\u00e9. Dans ce cadre, nous prenons toutes les mesures techniques et organisationnelles n\u00e9cessaires.<\/p>\n\n\n\n<p>Ainsi l\u2019acc\u00e8s \u00e0 vos donn\u00e9es \u00e0 caract\u00e8re personnel n\u2019est autoris\u00e9 qu\u2019aux seules personnes pour lesquelles cela s\u2019av\u00e8re n\u00e9cessaire \u00e0 l\u2019accomplissement de leur mission. Elles sont tenues \u00e0 une stricte discr\u00e9tion professionnelle et doivent respecter toutes les prescriptions techniques pr\u00e9vues pour assurer la confidentialit\u00e9 des donn\u00e9es \u00e0 caract\u00e8re personnel. Nous voulons ainsi \u00e9viter que des personnes non autoris\u00e9es aient acc\u00e8s \u00e0 vos donn\u00e9es, les traitent, les modifient ou les d\u00e9truisent.<\/p>\n\n\n\n<p>En cas de fuites de donn\u00e9es, pouvant entra\u00eener des risques d\u2019atteinte \u00e0 votre vie priv\u00e9e, vous \u00eates personnellement averti, tout comme la Commission pour la Protection de la Vie priv\u00e9e, conform\u00e9ment \u00e0 nos obligations l\u00e9gales. Dans ce cas, nous mettrons tout en \u0153uvre pour faire cesser le plus rapidement possible cet \u00e9tat des choses et pour en limiter toutes les cons\u00e9quences.<\/p>\n\n\n\n<p>1.6. Comment se d\u00e9sinscrire de notre plateforme ?<\/p>\n\n\n\n<p>Si \u00e0 n\u2019importe quel moment vous souhaitez vous d\u00e9sinscrire afin de ne plus recevoir nos emails, vous trouverez un lien de d\u00e9sinscription \u00ab opt-out \u00bb en bas de chaque emails que nous vous envoyons. De plus, vous pouvez nous envoyer un email \u00e0\u00a0info@dogofriends.fr en nous faisant une demande de d\u00e9sinscription, auquel cas nous poursuivrons avec votre demande.<\/p>\n\n\r\n    <\/div>\r\n<\/div>\r\n","protected":false},"excerpt":{"rendered":"","protected":false},"author":11541,"featured_media":0,"parent":0,"menu_order":58,"comment_status":"closed","ping_status":"closed","template":"","meta":{"inline_featured_image":false},"acf":[],"yoast_head":"<!-- This site is optimized with the Yoast SEO plugin v17.9 - https:\/\/yoast.com\/wordpress\/plugins\/seo\/ -->\n<title>Politique de confidentialit\u00e9 - Dogofriends<\/title>\n<meta name=\"robots\" content=\"noindex, follow, max-snippet:-1, max-image-preview:large, max-video-preview:-1\" \/>\n<meta property=\"og:locale\" content=\"fr_FR\" \/>\n<meta property=\"og:type\" content=\"article\" \/>\n<meta property=\"og:title\" content=\"Politique de confidentialit\u00e9 - Dogofriends\" \/>\n<meta property=\"og:url\" content=\"https:\/\/dogofriends.com\/fr\/politique-de-confidentialite\/\" \/>\n<meta property=\"og:site_name\" content=\"Dogofriends\" \/>\n<meta property=\"article:modified_time\" content=\"2023-02-28T09:20:10+00:00\" \/>\n<meta name=\"twitter:card\" content=\"summary_large_image\" \/>\n<meta name=\"twitter:label1\" content=\"Est. reading time\" \/>\n\t<meta name=\"twitter:data1\" content=\"10 minutes\" \/>\n<script type=\"application\/ld+json\" class=\"yoast-schema-graph\">{\"@context\":\"https:\/\/schema.org\",\"@graph\":[{\"@type\":\"WebSite\",\"@id\":\"https:\/\/dogofriends.com\/fr\/#website\",\"url\":\"https:\/\/dogofriends.com\/fr\/\",\"name\":\"Dogofriends\",\"description\":\"\",\"potentialAction\":[{\"@type\":\"SearchAction\",\"target\":{\"@type\":\"EntryPoint\",\"urlTemplate\":\"https:\/\/dogofriends.com\/fr\/?s={search_term_string}\"},\"query-input\":\"required name=search_term_string\"}],\"inLanguage\":\"fr-FR\"},{\"@type\":\"WebPage\",\"@id\":\"https:\/\/dogofriends.com\/fr\/politique-de-confidentialite\/#webpage\",\"url\":\"https:\/\/dogofriends.com\/fr\/politique-de-confidentialite\/\",\"name\":\"Politique de confidentialit\\u00e9 - Dogofriends\",\"isPartOf\":{\"@id\":\"https:\/\/dogofriends.com\/fr\/#website\"},\"datePublished\":\"2023-02-14T22:03:55+00:00\",\"dateModified\":\"2023-02-28T09:20:10+00:00\",\"breadcrumb\":{\"@id\":\"https:\/\/dogofriends.com\/fr\/politique-de-confidentialite\/#breadcrumb\"},\"inLanguage\":\"fr-FR\",\"potentialAction\":[{\"@type\":\"ReadAction\",\"target\":[\"https:\/\/dogofriends.com\/fr\/politique-de-confidentialite\/\"]}]},{\"@type\":\"BreadcrumbList\",\"@id\":\"https:\/\/dogofriends.com\/fr\/politique-de-confidentialite\/#breadcrumb\",\"itemListElement\":[{\"@type\":\"ListItem\",\"position\":1,\"name\":\"Home\",\"item\":\"https:\/\/dogofriends.com\/fr\/\"},{\"@type\":\"ListItem\",\"position\":2,\"name\":\"Politique de confidentialit\\u00e9\"}]}]}<\/script>\n<!-- \/ Yoast SEO plugin. -->","yoast_head_json":{"title":"Politique de confidentialit\u00e9 - Dogofriends","robots":{"index":"noindex","follow":"follow","max-snippet":"max-snippet:-1","max-image-preview":"max-image-preview:large","max-video-preview":"max-video-preview:-1"},"og_locale":"fr_FR","og_type":"article","og_title":"Politique de confidentialit\u00e9 - Dogofriends","og_url":"https:\/\/dogofriends.com\/fr\/politique-de-confidentialite\/","og_site_name":"Dogofriends","article_modified_time":"2023-02-28T09:20:10+00:00","twitter_card":"summary_large_image","twitter_misc":{"Est. reading time":"10 minutes"},"schema":{"@context":"https:\/\/schema.org","@graph":[{"@type":"WebSite","@id":"https:\/\/dogofriends.com\/fr\/#website","url":"https:\/\/dogofriends.com\/fr\/","name":"Dogofriends","description":"","potentialAction":[{"@type":"SearchAction","target":{"@type":"EntryPoint","urlTemplate":"https:\/\/dogofriends.com\/fr\/?s={search_term_string}"},"query-input":"required name=search_term_string"}],"inLanguage":"fr-FR"},{"@type":"WebPage","@id":"https:\/\/dogofriends.com\/fr\/politique-de-confidentialite\/#webpage","url":"https:\/\/dogofriends.com\/fr\/politique-de-confidentialite\/","name":"Politique de confidentialit\u00e9 - Dogofriends","isPartOf":{"@id":"https:\/\/dogofriends.com\/fr\/#website"},"datePublished":"2023-02-14T22:03:55+00:00","dateModified":"2023-02-28T09:20:10+00:00","breadcrumb":{"@id":"https:\/\/dogofriends.com\/fr\/politique-de-confidentialite\/#breadcrumb"},"inLanguage":"fr-FR","potentialAction":[{"@type":"ReadAction","target":["https:\/\/dogofriends.com\/fr\/politique-de-confidentialite\/"]}]},{"@type":"BreadcrumbList","@id":"https:\/\/dogofriends.com\/fr\/politique-de-confidentialite\/#breadcrumb","itemListElement":[{"@type":"ListItem","position":1,"name":"Home","item":"https:\/\/dogofriends.com\/fr\/"},{"@type":"ListItem","position":2,"name":"Politique de confidentialit\u00e9"}]}]}},"_links":{"self":[{"href":"https:\/\/dogofriends.com\/fr\/wp-json\/wp\/v2\/pages\/3668"}],"collection":[{"href":"https:\/\/dogofriends.com\/fr\/wp-json\/wp\/v2\/pages"}],"about":[{"href":"https:\/\/dogofriends.com\/fr\/wp-json\/wp\/v2\/types\/page"}],"author":[{"embeddable":true,"href":"https:\/\/dogofriends.com\/fr\/wp-json\/wp\/v2\/users\/11541"}],"replies":[{"embeddable":true,"href":"https:\/\/dogofriends.com\/fr\/wp-json\/wp\/v2\/comments?post=3668"}],"version-history":[{"count":3,"href":"https:\/\/dogofriends.com\/fr\/wp-json\/wp\/v2\/pages\/3668\/revisions"}],"predecessor-version":[{"id":4197,"href":"https:\/\/dogofriends.com\/fr\/wp-json\/wp\/v2\/pages\/3668\/revisions\/4197"}],"wp:attachment":[{"href":"https:\/\/dogofriends.com\/fr\/wp-json\/wp\/v2\/media?parent=3668"}],"curies":[{"name":"wp","href":"https:\/\/api.w.org\/{rel}","templated":true}]}}