{"id":3950,"date":"2023-02-15T16:13:09","date_gmt":"2023-02-15T16:13:09","guid":{"rendered":"https:\/\/dogofriends.fr\/?page_id=3950"},"modified":"2023-03-02T10:32:01","modified_gmt":"2023-03-02T10:32:01","slug":"faq","status":"publish","type":"page","link":"https:\/\/dogofriends.com\/fr\/proplan-liveclear\/faq\/","title":{"rendered":"FAQ"},"content":{"rendered":"<section class=\"block-faq wp-block-faq px-4 py-20\">\n    <h2 class=\"text-center mx-auto\"\n                  data-aos=\"fade-up\"\n                  data-aos-duration=\"300\"><i class=\"fa-regular fa-comment text-primary-500\"><\/i> On r\u00e9pond \u00e0 tes questions<\/h2>\n      <ul class=\"faq-wrapper max-w-3xl mx-auto\">\n                            <li class=\"faq__el relative block rounded-xl bg-white shadow-lg open overflow-hidden mb-4 p-6 pr-10 transition-all\"\n            data-aos=\"fade-up\"\n            data-aos-duration=\"800\">\n          <button class=\"faq__el-button absolute block top-0 left-0 w-full h-full z-10\"><span class=\"sr-only\">open<\/span><\/button>\n          <div class=\"faq__el-icon absolute top-6 right-6\">\n            <span class=\"plus hidden\">\n              <i class=\"fas fa-plus text-primary-500\"><\/i>\n            <\/span>\n            <span class=\"minus block\">\n              <i class=\"fas fa-minus text-primary-500\"><\/i>\n            <\/span>\n          <\/div>\n          <div class=\"faq__el-header\">\n            <h2 class=\"text-base font-sans font-bold m-0 leading-none\">Qu&#039;est-ce que Dogofriends ?<\/h2>\n          <\/div>\n\n          <div class=\"faq__el-content overflow-hidden h-auto transition-all\">\n            <p><p>C\u2019est avant tout une communaut\u00e9 d&rsquo;amis des animaux \u00e0 la recherche des meilleurs produits pour leur cher compagnon \u00e0 quatre pattes. En tant que membre Dogofriends, tu as la possibilit\u00e9 de tester gratuitement des produits chez toi, et de partager ton exp\u00e9rience sur ces derniers avec ton entourage et notre \u00e9quipe. \u00c7a te parle ? Alors deviens membre Dogofriends et inscris-toi \u00e0 la campagne de ton choix.<\/p>\n<\/p>\n          <\/div>\n        <\/li>\n                      <li class=\"faq__el relative block rounded-xl border-dashed border-2 border-gray-200 overflow-hidden mb-4 p-6 pr-10 transition-all\"\n            data-aos=\"fade-up\"\n            data-aos-duration=\"1100\">\n          <button class=\"faq__el-button absolute block top-0 left-0 w-full h-full z-10\"><span class=\"sr-only\">open<\/span><\/button>\n          <div class=\"faq__el-icon absolute top-6 right-6\">\n            <span class=\"plus block\">\n              <i class=\"fas fa-plus text-primary-500\"><\/i>\n            <\/span>\n            <span class=\"minus hidden\">\n              <i class=\"fas fa-minus text-primary-500\"><\/i>\n            <\/span>\n          <\/div>\n          <div class=\"faq__el-header\">\n            <h2 class=\"text-base font-sans font-bold m-0 leading-none\">Je veux participer ! Comment puis-je m&#039;inscrire ?<\/h2>\n          <\/div>\n\n          <div class=\"faq__el-content overflow-hidden h-0 transition-all\">\n            <p><p>Rien de plus simple ! Tu s\u00e9lectionnes la campagne \u00e0 laquelle tu souhaites participer. Ensuite, il te suffit de cliquer sur l&rsquo;un des boutons d&rsquo;inscription situ\u00e9 sur la page de la campagne et de compl\u00e9ter le formulaire d&rsquo;inscription. \ud83d\ude0a<\/p>\n<\/p>\n          <\/div>\n        <\/li>\n                      <li class=\"faq__el relative block rounded-xl border-dashed border-2 border-gray-200 overflow-hidden mb-4 p-6 pr-10 transition-all\"\n            data-aos=\"fade-up\"\n            data-aos-duration=\"1400\">\n          <button class=\"faq__el-button absolute block top-0 left-0 w-full h-full z-10\"><span class=\"sr-only\">open<\/span><\/button>\n          <div class=\"faq__el-icon absolute top-6 right-6\">\n            <span class=\"plus block\">\n              <i class=\"fas fa-plus text-primary-500\"><\/i>\n            <\/span>\n            <span class=\"minus hidden\">\n              <i class=\"fas fa-minus text-primary-500\"><\/i>\n            <\/span>\n          <\/div>\n          <div class=\"faq__el-header\">\n            <h2 class=\"text-base font-sans font-bold m-0 leading-none\">Comment savoir si je suis s\u00e9lectionn\u00e9(e) ?<\/h2>\n          <\/div>\n\n          <div class=\"faq__el-content overflow-hidden h-0 transition-all\">\n            <p><p>Quelques semaines apr\u00e8s ton inscription, tu re\u00e7ois un e-mail de notre part pour t\u2019informer de ta s\u00e9lection ou non.<\/p>\n<\/p>\n          <\/div>\n        <\/li>\n                      <li class=\"faq__el relative block rounded-xl border-dashed border-2 border-gray-200 overflow-hidden mb-4 p-6 pr-10 transition-all\"\n            data-aos=\"fade-up\"\n            data-aos-duration=\"1700\">\n          <button class=\"faq__el-button absolute block top-0 left-0 w-full h-full z-10\"><span class=\"sr-only\">open<\/span><\/button>\n          <div class=\"faq__el-icon absolute top-6 right-6\">\n            <span class=\"plus block\">\n              <i class=\"fas fa-plus text-primary-500\"><\/i>\n            <\/span>\n            <span class=\"minus hidden\">\n              <i class=\"fas fa-minus text-primary-500\"><\/i>\n            <\/span>\n          <\/div>\n          <div class=\"faq__el-header\">\n            <h2 class=\"text-base font-sans font-bold m-0 leading-none\">Est-ce vraiment gratuit ?<\/h2>\n          <\/div>\n\n          <div class=\"faq__el-content overflow-hidden h-0 transition-all\">\n            <p><p>Absolument ! Les produits que tes animaux testent sont 100% gratuits.<\/p>\n<\/p>\n          <\/div>\n        <\/li>\n                      <li class=\"faq__el relative block rounded-xl border-dashed border-2 border-gray-200 overflow-hidden mb-4 p-6 pr-10 transition-all\"\n            data-aos=\"fade-up\"\n            data-aos-duration=\"2000\">\n          <button class=\"faq__el-button absolute block top-0 left-0 w-full h-full z-10\"><span class=\"sr-only\">open<\/span><\/button>\n          <div class=\"faq__el-icon absolute top-6 right-6\">\n            <span class=\"plus block\">\n              <i class=\"fas fa-plus text-primary-500\"><\/i>\n            <\/span>\n            <span class=\"minus hidden\">\n              <i class=\"fas fa-minus text-primary-500\"><\/i>\n            <\/span>\n          <\/div>\n          <div class=\"faq__el-header\">\n            <h2 class=\"text-base font-sans font-bold m-0 leading-none\">Que dois-je faire en retour ?<\/h2>\n          <\/div>\n\n          <div class=\"faq__el-content overflow-hidden h-0 transition-all\">\n            <p><p>En \u00e9change de ta participation \u00e0 nos campagnes, nous te demandons ce qui suit :<\/p>\n<ul style=\"list-style-type: disc; font-weight: 300;\">\n<li>Tester les produits avec ton chat ou ton chien.<\/li>\n<li>Partager ton exp\u00e9rience avec ton entourage, notamment en publiant des photos et\/ou vid\u00e9os sur tes r\u00e9seaux sociaux.<\/li>\n<li>Nous faire part de ton avis en remplissant une enqu\u00eate de fin de campagne.<\/li>\n<\/ul>\n<p>Il se peut que d\u2019autres missions amusantes et interactives te soient demand\u00e9es mais celles-ci sont les plus courantes.<\/p>\n<\/p>\n          <\/div>\n        <\/li>\n                      <li class=\"faq__el relative block rounded-xl border-dashed border-2 border-gray-200 overflow-hidden mb-4 p-6 pr-10 transition-all\"\n            data-aos=\"fade-up\"\n            data-aos-duration=\"2300\">\n          <button class=\"faq__el-button absolute block top-0 left-0 w-full h-full z-10\"><span class=\"sr-only\">open<\/span><\/button>\n          <div class=\"faq__el-icon absolute top-6 right-6\">\n            <span class=\"plus block\">\n              <i class=\"fas fa-plus text-primary-500\"><\/i>\n            <\/span>\n            <span class=\"minus hidden\">\n              <i class=\"fas fa-minus text-primary-500\"><\/i>\n            <\/span>\n          <\/div>\n          <div class=\"faq__el-header\">\n            <h2 class=\"text-base font-sans font-bold m-0 leading-none\">Les produits seront-ils livr\u00e9s \u00e0 mon domicile ?<\/h2>\n          <\/div>\n\n          <div class=\"faq__el-content overflow-hidden h-0 transition-all\">\n            <p><p>Cela d\u00e9pend des campagnes auxquelles tu participes.<\/p>\n<p>Soit tes produits seront directement livr\u00e9s \u00e0 ton domicile, soit tu recevras un certain nombre de bons qui te permettront d\u2019aller retirer gratuitement tes produits dans un supermarch\u00e9 (participant).<\/p>\n<\/p>\n          <\/div>\n        <\/li>\n                      <li class=\"faq__el relative block rounded-xl border-dashed border-2 border-gray-200 overflow-hidden mb-4 p-6 pr-10 transition-all\"\n            data-aos=\"fade-up\"\n            data-aos-duration=\"2600\">\n          <button class=\"faq__el-button absolute block top-0 left-0 w-full h-full z-10\"><span class=\"sr-only\">open<\/span><\/button>\n          <div class=\"faq__el-icon absolute top-6 right-6\">\n            <span class=\"plus block\">\n              <i class=\"fas fa-plus text-primary-500\"><\/i>\n            <\/span>\n            <span class=\"minus hidden\">\n              <i class=\"fas fa-minus text-primary-500\"><\/i>\n            <\/span>\n          <\/div>\n          <div class=\"faq__el-header\">\n            <h2 class=\"text-base font-sans font-bold m-0 leading-none\">Qu\u2019advient-il de mes donn\u00e9es personnelles lorsque je m&#039;inscris ?<\/h2>\n          <\/div>\n\n          <div class=\"faq__el-content overflow-hidden h-0 transition-all\">\n            <p><p>Tes donn\u00e9es personnelles sont trait\u00e9es de mani\u00e8re s\u00e9curis\u00e9e et confidentielle. Nous nous conformons aux exigences l\u00e9gales en vigueur. Les donn\u00e9es que nous partageons avec nos clients et nos partenaires sont totalement anonymes et ne permettent en aucun cas de remonter jusqu\u2019\u00e0 toi.<\/p>\n<\/p>\n          <\/div>\n        <\/li>\n          <\/ul>\n  \n      <div class=\"flex justify-center items-center\" data-aos=\"fade-up\" data-aos-duration=\"2800\">\n    <a class=\"btn btn-primary btn-outline\" href=\"#\">Consulter notre FAQ<\/a>\n  <\/div>\n  \n  <div>\n    \n  <\/div>\n<\/section>\n","protected":false},"excerpt":{"rendered":"","protected":false},"author":6735,"featured_media":0,"parent":3738,"menu_order":101,"comment_status":"closed","ping_status":"closed","template":"","meta":{"inline_featured_image":false},"acf":[],"yoast_head":"<!-- This site is optimized with the Yoast SEO plugin v17.9 - https:\/\/yoast.com\/wordpress\/plugins\/seo\/ -->\n<title>FAQ - Dogofriends<\/title>\n<meta name=\"robots\" content=\"noindex, follow, max-snippet:-1, max-image-preview:large, max-video-preview:-1\" \/>\n<meta property=\"og:locale\" content=\"fr_FR\" \/>\n<meta property=\"og:type\" content=\"article\" \/>\n<meta property=\"og:title\" content=\"FAQ - Dogofriends\" \/>\n<meta property=\"og:url\" content=\"https:\/\/dogofriends.com\/fr\/proplan-liveclear\/faq\/\" \/>\n<meta property=\"og:site_name\" content=\"Dogofriends\" \/>\n<meta property=\"article:modified_time\" content=\"2023-03-02T10:32:01+00:00\" \/>\n<meta name=\"twitter:card\" content=\"summary_large_image\" \/>\n<script type=\"application\/ld+json\" class=\"yoast-schema-graph\">{\"@context\":\"https:\/\/schema.org\",\"@graph\":[{\"@type\":\"WebSite\",\"@id\":\"https:\/\/dogofriends.com\/fr\/#website\",\"url\":\"https:\/\/dogofriends.com\/fr\/\",\"name\":\"Dogofriends\",\"description\":\"\",\"potentialAction\":[{\"@type\":\"SearchAction\",\"target\":{\"@type\":\"EntryPoint\",\"urlTemplate\":\"https:\/\/dogofriends.com\/fr\/?s={search_term_string}\"},\"query-input\":\"required name=search_term_string\"}],\"inLanguage\":\"fr-FR\"},{\"@type\":\"WebPage\",\"@id\":\"https:\/\/dogofriends.com\/fr\/proplan-liveclear\/faq\/#webpage\",\"url\":\"https:\/\/dogofriends.com\/fr\/proplan-liveclear\/faq\/\",\"name\":\"FAQ - Dogofriends\",\"isPartOf\":{\"@id\":\"https:\/\/dogofriends.com\/fr\/#website\"},\"datePublished\":\"2023-02-15T16:13:09+00:00\",\"dateModified\":\"2023-03-02T10:32:01+00:00\",\"breadcrumb\":{\"@id\":\"https:\/\/dogofriends.com\/fr\/proplan-liveclear\/faq\/#breadcrumb\"},\"inLanguage\":\"fr-FR\",\"potentialAction\":[{\"@type\":\"ReadAction\",\"target\":[\"https:\/\/dogofriends.com\/fr\/proplan-liveclear\/faq\/\"]}]},{\"@type\":\"BreadcrumbList\",\"@id\":\"https:\/\/dogofriends.com\/fr\/proplan-liveclear\/faq\/#breadcrumb\",\"itemListElement\":[{\"@type\":\"ListItem\",\"position\":1,\"name\":\"Home\",\"item\":\"https:\/\/dogofriends.com\/fr\/\"},{\"@type\":\"ListItem\",\"position\":2,\"name\":\"PRO PLAN\\u00ae LIVECLEAR\\u00ae\",\"item\":\"https:\/\/dogofriends.com\/fr\/proplan-liveclear\/\"},{\"@type\":\"ListItem\",\"position\":3,\"name\":\"FAQ\"}]}]}<\/script>\n<!-- \/ Yoast SEO plugin. -->","yoast_head_json":{"title":"FAQ - Dogofriends","robots":{"index":"noindex","follow":"follow","max-snippet":"max-snippet:-1","max-image-preview":"max-image-preview:large","max-video-preview":"max-video-preview:-1"},"og_locale":"fr_FR","og_type":"article","og_title":"FAQ - Dogofriends","og_url":"https:\/\/dogofriends.com\/fr\/proplan-liveclear\/faq\/","og_site_name":"Dogofriends","article_modified_time":"2023-03-02T10:32:01+00:00","twitter_card":"summary_large_image","schema":{"@context":"https:\/\/schema.org","@graph":[{"@type":"WebSite","@id":"https:\/\/dogofriends.com\/fr\/#website","url":"https:\/\/dogofriends.com\/fr\/","name":"Dogofriends","description":"","potentialAction":[{"@type":"SearchAction","target":{"@type":"EntryPoint","urlTemplate":"https:\/\/dogofriends.com\/fr\/?s={search_term_string}"},"query-input":"required name=search_term_string"}],"inLanguage":"fr-FR"},{"@type":"WebPage","@id":"https:\/\/dogofriends.com\/fr\/proplan-liveclear\/faq\/#webpage","url":"https:\/\/dogofriends.com\/fr\/proplan-liveclear\/faq\/","name":"FAQ - Dogofriends","isPartOf":{"@id":"https:\/\/dogofriends.com\/fr\/#website"},"datePublished":"2023-02-15T16:13:09+00:00","dateModified":"2023-03-02T10:32:01+00:00","breadcrumb":{"@id":"https:\/\/dogofriends.com\/fr\/proplan-liveclear\/faq\/#breadcrumb"},"inLanguage":"fr-FR","potentialAction":[{"@type":"ReadAction","target":["https:\/\/dogofriends.com\/fr\/proplan-liveclear\/faq\/"]}]},{"@type":"BreadcrumbList","@id":"https:\/\/dogofriends.com\/fr\/proplan-liveclear\/faq\/#breadcrumb","itemListElement":[{"@type":"ListItem","position":1,"name":"Home","item":"https:\/\/dogofriends.com\/fr\/"},{"@type":"ListItem","position":2,"name":"PRO PLAN\u00ae LIVECLEAR\u00ae","item":"https:\/\/dogofriends.com\/fr\/proplan-liveclear\/"},{"@type":"ListItem","position":3,"name":"FAQ"}]}]}},"_links":{"self":[{"href":"https:\/\/dogofriends.com\/fr\/wp-json\/wp\/v2\/pages\/3950"}],"collection":[{"href":"https:\/\/dogofriends.com\/fr\/wp-json\/wp\/v2\/pages"}],"about":[{"href":"https:\/\/dogofriends.com\/fr\/wp-json\/wp\/v2\/types\/page"}],"author":[{"embeddable":true,"href":"https:\/\/dogofriends.com\/fr\/wp-json\/wp\/v2\/users\/6735"}],"replies":[{"embeddable":true,"href":"https:\/\/dogofriends.com\/fr\/wp-json\/wp\/v2\/comments?post=3950"}],"version-history":[{"count":21,"href":"https:\/\/dogofriends.com\/fr\/wp-json\/wp\/v2\/pages\/3950\/revisions"}],"predecessor-version":[{"id":4293,"href":"https:\/\/dogofriends.com\/fr\/wp-json\/wp\/v2\/pages\/3950\/revisions\/4293"}],"up":[{"embeddable":true,"href":"https:\/\/dogofriends.com\/fr\/wp-json\/wp\/v2\/pages\/3738"}],"wp:attachment":[{"href":"https:\/\/dogofriends.com\/fr\/wp-json\/wp\/v2\/media?parent=3950"}],"curies":[{"name":"wp","href":"https:\/\/api.w.org\/{rel}","templated":true}]}}